{"id":112279,"date":"2025-01-13T08:20:51","date_gmt":"2025-01-13T08:20:51","guid":{"rendered":"https:\/\/reprorace.com\/shop\/producto\/real-things-art-painting-von-jason-ni\/"},"modified":"2025-08-14T13:36:05","modified_gmt":"2025-08-14T13:36:05","slug":"real-things-art-painting-jason-ni","status":"publish","type":"product","link":"https:\/\/old.reprorace.com\/de\/producto\/real-things-art-painting-jason-ni\/","title":{"rendered":"Real Things Art Painting von Jason Ni"},"content":{"rendered":"<p>Jason Ni ist ein renommierter K\u00fcnstler, der f\u00fcr seine einzigartigen Kunstwerke bekannt ist. Seine Gem\u00e4lde zeichnen sich durch lebendige Farben und detailreiche Darstellungen aus, die den Betrachter in eine andere Welt entf\u00fchren. Jedes Kunstwerk erz\u00e4hlt eine eigene Geschichte und l\u00e4dt zur Entdeckung ein.<\/p>\n","protected":false},"excerpt":{"rendered":"<p>Erkunden Sie die faszinierende Welt der Kunstwerke von Jason Ni.<\/p>\n","protected":false},"featured_media":0,"template":"","meta":{"inline_featured_image":false},"product_brand":[],"product_cat":[],"product_tag":[],"class_list":{"0":"post-112279","1":"product","2":"type-product","3":"status-publish","6":"first","7":"instock","8":"downloadable","9":"virtual","10":"sold-individually","11":"taxable","12":"purchasable","13":"product-type-simple"},"yoast_head":"<!-- This site is optimized with the Yoast SEO plugin v26.3 - https:\/\/yoast.com\/wordpress\/plugins\/seo\/ -->\n<title>Real Things Art Painting von Jason Ni - Tienda ReproRACE<\/title>\n<meta name=\"description\" content=\"Entdecken Sie die faszinierenden Kunstwerke von Jason Ni, bekannt f\u00fcr lebendige Farben und detailreiche Darstellungen.\" \/>\n<meta name=\"robots\" content=\"index, follow, max-snippet:-1, max-image-preview:large, max-video-preview:-1\" \/>\n<link rel=\"canonical\" href=\"https:\/\/old.reprorace.com\/de\/producto\/real-things-art-painting-jason-ni\/\" \/>\n<meta property=\"og:locale\" content=\"de_DE\" \/>\n<meta property=\"og:type\" content=\"article\" \/>\n<meta property=\"og:title\" content=\"Real Things Art Painting von Jason Ni - Tienda ReproRACE\" \/>\n<meta property=\"og:description\" content=\"Entdecken Sie die faszinierenden Kunstwerke von Jason Ni, bekannt f\u00fcr lebendige Farben und detailreiche Darstellungen.\" \/>\n<meta property=\"og:url\" content=\"https:\/\/old.reprorace.com\/de\/producto\/real-things-art-painting-jason-ni\/\" \/>\n<meta property=\"og:site_name\" content=\"Tienda ReproRACE\" \/>\n<meta property=\"article:modified_time\" content=\"2025-08-14T13:36:05+00:00\" \/>\n<meta name=\"twitter:card\" content=\"summary_large_image\" \/>\n<script type=\"application\/ld+json\" class=\"yoast-schema-graph\">{\"@context\":\"https:\/\/schema.org\",\"@graph\":[{\"@type\":\"WebPage\",\"@id\":\"https:\/\/old.reprorace.com\/de\/producto\/real-things-art-painting-jason-ni\/\",\"url\":\"https:\/\/old.reprorace.com\/de\/producto\/real-things-art-painting-jason-ni\/\",\"name\":\"Real Things Art Painting von Jason Ni - Tienda ReproRACE\",\"isPartOf\":{\"@id\":\"https:\/\/old.reprorace.com\/#website\"},\"datePublished\":\"2025-01-13T08:20:51+00:00\",\"dateModified\":\"2025-08-14T13:36:05+00:00\",\"description\":\"Entdecken Sie die faszinierenden Kunstwerke von Jason Ni, bekannt f\u00fcr lebendige Farben und detailreiche Darstellungen.\",\"breadcrumb\":{\"@id\":\"https:\/\/old.reprorace.com\/de\/producto\/real-things-art-painting-jason-ni\/#breadcrumb\"},\"inLanguage\":\"de\",\"potentialAction\":[{\"@type\":\"ReadAction\",\"target\":[\"https:\/\/old.reprorace.com\/de\/producto\/real-things-art-painting-jason-ni\/\"]}]},{\"@type\":\"BreadcrumbList\",\"@id\":\"https:\/\/old.reprorace.com\/de\/producto\/real-things-art-painting-jason-ni\/#breadcrumb\",\"itemListElement\":[{\"@type\":\"ListItem\",\"position\":1,\"name\":\"Portada\",\"item\":\"https:\/\/old.reprorace.com\/de\/heim\/\"},{\"@type\":\"ListItem\",\"position\":2,\"name\":\"Tienda Reprorace\",\"item\":\"https:\/\/old.reprorace.com\/home-2\/\"},{\"@type\":\"ListItem\",\"position\":3,\"name\":\"Real Things Art Painting von Jason Ni\"}]},{\"@type\":\"WebSite\",\"@id\":\"https:\/\/old.reprorace.com\/#website\",\"url\":\"https:\/\/old.reprorace.com\/\",\"name\":\"Tienda ReproRACE\",\"description\":\"Todo lo necesario para reprogramar veh\u00edculos en tu taller mec\u00e1nico\",\"publisher\":{\"@id\":\"https:\/\/old.reprorace.com\/#organization\"},\"potentialAction\":[{\"@type\":\"SearchAction\",\"target\":{\"@type\":\"EntryPoint\",\"urlTemplate\":\"https:\/\/old.reprorace.com\/?s={search_term_string}\"},\"query-input\":{\"@type\":\"PropertyValueSpecification\",\"valueRequired\":true,\"valueName\":\"search_term_string\"}}],\"inLanguage\":\"de\"},{\"@type\":\"Organization\",\"@id\":\"https:\/\/old.reprorace.com\/#organization\",\"name\":\"Tienda ReproRACE\",\"url\":\"https:\/\/old.reprorace.com\/\",\"logo\":{\"@type\":\"ImageObject\",\"inLanguage\":\"de\",\"@id\":\"https:\/\/old.reprorace.com\/#\/schema\/logo\/image\/\",\"url\":\"https:\/\/old.reprorace.com\/wp-content\/uploads\/2023\/04\/cropped-logo_vector_-e1681820515513.png\",\"contentUrl\":\"https:\/\/old.reprorace.com\/wp-content\/uploads\/2023\/04\/cropped-logo_vector_-e1681820515513.png\",\"width\":448,\"height\":128,\"caption\":\"Tienda ReproRACE\"},\"image\":{\"@id\":\"https:\/\/old.reprorace.com\/#\/schema\/logo\/image\/\"}}]}<\/script>\n<!-- \/ Yoast SEO plugin. -->","yoast_head_json":{"title":"Real Things Art Painting von Jason Ni - Tienda ReproRACE","description":"Entdecken Sie die faszinierenden Kunstwerke von Jason Ni, bekannt f\u00fcr lebendige Farben und detailreiche Darstellungen.","robots":{"index":"index","follow":"follow","max-snippet":"max-snippet:-1","max-image-preview":"max-image-preview:large","max-video-preview":"max-video-preview:-1"},"canonical":"https:\/\/old.reprorace.com\/de\/producto\/real-things-art-painting-jason-ni\/","og_locale":"de_DE","og_type":"article","og_title":"Real Things Art Painting von Jason Ni - Tienda ReproRACE","og_description":"Entdecken Sie die faszinierenden Kunstwerke von Jason Ni, bekannt f\u00fcr lebendige Farben und detailreiche Darstellungen.","og_url":"https:\/\/old.reprorace.com\/de\/producto\/real-things-art-painting-jason-ni\/","og_site_name":"Tienda ReproRACE","article_modified_time":"2025-08-14T13:36:05+00:00","twitter_card":"summary_large_image","schema":{"@context":"https:\/\/schema.org","@graph":[{"@type":"WebPage","@id":"https:\/\/old.reprorace.com\/de\/producto\/real-things-art-painting-jason-ni\/","url":"https:\/\/old.reprorace.com\/de\/producto\/real-things-art-painting-jason-ni\/","name":"Real Things Art Painting von Jason Ni - Tienda ReproRACE","isPartOf":{"@id":"https:\/\/old.reprorace.com\/#website"},"datePublished":"2025-01-13T08:20:51+00:00","dateModified":"2025-08-14T13:36:05+00:00","description":"Entdecken Sie die faszinierenden Kunstwerke von Jason Ni, bekannt f\u00fcr lebendige Farben und detailreiche Darstellungen.","breadcrumb":{"@id":"https:\/\/old.reprorace.com\/de\/producto\/real-things-art-painting-jason-ni\/#breadcrumb"},"inLanguage":"de","potentialAction":[{"@type":"ReadAction","target":["https:\/\/old.reprorace.com\/de\/producto\/real-things-art-painting-jason-ni\/"]}]},{"@type":"BreadcrumbList","@id":"https:\/\/old.reprorace.com\/de\/producto\/real-things-art-painting-jason-ni\/#breadcrumb","itemListElement":[{"@type":"ListItem","position":1,"name":"Portada","item":"https:\/\/old.reprorace.com\/de\/heim\/"},{"@type":"ListItem","position":2,"name":"Tienda Reprorace","item":"https:\/\/old.reprorace.com\/home-2\/"},{"@type":"ListItem","position":3,"name":"Real Things Art Painting von Jason Ni"}]},{"@type":"WebSite","@id":"https:\/\/old.reprorace.com\/#website","url":"https:\/\/old.reprorace.com\/","name":"Tienda ReproRACE","description":"Todo lo necesario para reprogramar veh\u00edculos en tu taller mec\u00e1nico","publisher":{"@id":"https:\/\/old.reprorace.com\/#organization"},"potentialAction":[{"@type":"SearchAction","target":{"@type":"EntryPoint","urlTemplate":"https:\/\/old.reprorace.com\/?s={search_term_string}"},"query-input":{"@type":"PropertyValueSpecification","valueRequired":true,"valueName":"search_term_string"}}],"inLanguage":"de"},{"@type":"Organization","@id":"https:\/\/old.reprorace.com\/#organization","name":"Tienda ReproRACE","url":"https:\/\/old.reprorace.com\/","logo":{"@type":"ImageObject","inLanguage":"de","@id":"https:\/\/old.reprorace.com\/#\/schema\/logo\/image\/","url":"https:\/\/old.reprorace.com\/wp-content\/uploads\/2023\/04\/cropped-logo_vector_-e1681820515513.png","contentUrl":"https:\/\/old.reprorace.com\/wp-content\/uploads\/2023\/04\/cropped-logo_vector_-e1681820515513.png","width":448,"height":128,"caption":"Tienda ReproRACE"},"image":{"@id":"https:\/\/old.reprorace.com\/#\/schema\/logo\/image\/"}}]}},"_links":{"self":[{"href":"https:\/\/old.reprorace.com\/de\/wp-json\/wp\/v2\/product\/112279","targetHints":{"allow":["GET"]}}],"collection":[{"href":"https:\/\/old.reprorace.com\/de\/wp-json\/wp\/v2\/product"}],"about":[{"href":"https:\/\/old.reprorace.com\/de\/wp-json\/wp\/v2\/types\/product"}],"version-history":[{"count":0,"href":"https:\/\/old.reprorace.com\/de\/wp-json\/wp\/v2\/product\/112279\/revisions"}],"wp:attachment":[{"href":"https:\/\/old.reprorace.com\/de\/wp-json\/wp\/v2\/media?parent=112279"}],"wp:term":[{"taxonomy":"product_brand","embeddable":true,"href":"https:\/\/old.reprorace.com\/de\/wp-json\/wp\/v2\/product_brand?post=112279"},{"taxonomy":"product_cat","embeddable":true,"href":"https:\/\/old.reprorace.com\/de\/wp-json\/wp\/v2\/product_cat?post=112279"},{"taxonomy":"product_tag","embeddable":true,"href":"https:\/\/old.reprorace.com\/de\/wp-json\/wp\/v2\/product_tag?post=112279"}],"curies":[{"name":"wp","href":"https:\/\/api.w.org\/{rel}","templated":true}]}}