{"id":112860,"date":"2022-12-06T11:34:54","date_gmt":"2022-12-06T11:34:54","guid":{"rendered":"https:\/\/reprorace.com\/shop\/producto\/rpr-silikon-harz-und-klebstoff-loesungsmittel\/"},"modified":"2025-08-14T18:03:15","modified_gmt":"2025-08-14T18:03:15","slug":"rpr-silikon-harz-und-klebstoff-loesungsmittel","status":"publish","type":"product","link":"https:\/\/old.reprorace.com\/de\/producto\/rpr-silikon-harz-und-klebstoff-loesungsmittel\/","title":{"rendered":"RPR Silikon, Harz und Klebstoff L\u00f6sungsmittel"},"content":{"rendered":"<p>RPR Silikon, Harz und Klebstoff L\u00f6sungsmittel<\/p>\n","protected":false},"excerpt":{"rendered":"<p>Der beste Weg, um die Silikone und Klebstoffe zu entfernen, die mit gebrauchten Steuerger\u00e4ten geliefert werden, ist zweifellos unser spezielles L\u00f6sungsmittel, das entwickelt wurde, um elektronische Komponenten nicht zu besch\u00e4digen, seine Verwendung ist sicher, schnell und effektiv<\/p>\n","protected":false},"featured_media":0,"template":"","meta":{"inline_featured_image":false},"product_brand":[],"product_cat":[7521],"product_tag":[],"class_list":{"0":"post-112860","1":"product","2":"type-product","3":"status-publish","5":"product_cat-schweis-und-laborzubehor","7":"first","8":"instock","9":"taxable","10":"shipping-taxable","11":"purchasable","12":"product-type-simple"},"yoast_head":"<!-- This site is optimized with the Yoast SEO plugin v26.3 - https:\/\/yoast.com\/wordpress\/plugins\/seo\/ -->\n<title>RPR Silikon, Harz und Klebstoff L\u00f6sungsmittel - Tienda ReproRACE<\/title>\n<meta name=\"robots\" content=\"index, follow, max-snippet:-1, max-image-preview:large, max-video-preview:-1\" \/>\n<link rel=\"canonical\" href=\"https:\/\/old.reprorace.com\/de\/producto\/rpr-silikon-harz-und-klebstoff-loesungsmittel\/\" \/>\n<meta property=\"og:locale\" content=\"de_DE\" \/>\n<meta property=\"og:type\" content=\"article\" \/>\n<meta property=\"og:title\" content=\"RPR Silikon, Harz und Klebstoff L\u00f6sungsmittel - Tienda ReproRACE\" \/>\n<meta property=\"og:description\" content=\"Der beste Weg, um die Silikone und Klebstoffe zu entfernen, die mit gebrauchten Steuerger\u00e4ten geliefert werden, ist zweifellos unser spezielles L\u00f6sungsmittel, das entwickelt wurde, um elektronische Komponenten nicht zu besch\u00e4digen, seine Verwendung ist sicher, schnell und effektiv\" \/>\n<meta property=\"og:url\" content=\"https:\/\/old.reprorace.com\/de\/producto\/rpr-silikon-harz-und-klebstoff-loesungsmittel\/\" \/>\n<meta property=\"og:site_name\" content=\"Tienda ReproRACE\" \/>\n<meta property=\"article:modified_time\" content=\"2025-08-14T18:03:15+00:00\" \/>\n<meta name=\"twitter:card\" content=\"summary_large_image\" \/>\n<script type=\"application\/ld+json\" class=\"yoast-schema-graph\">{\"@context\":\"https:\/\/schema.org\",\"@graph\":[{\"@type\":\"WebPage\",\"@id\":\"https:\/\/old.reprorace.com\/de\/producto\/rpr-silikon-harz-und-klebstoff-loesungsmittel\/\",\"url\":\"https:\/\/old.reprorace.com\/de\/producto\/rpr-silikon-harz-und-klebstoff-loesungsmittel\/\",\"name\":\"RPR Silikon, Harz und Klebstoff L\u00f6sungsmittel - Tienda ReproRACE\",\"isPartOf\":{\"@id\":\"https:\/\/old.reprorace.com\/#website\"},\"datePublished\":\"2022-12-06T11:34:54+00:00\",\"dateModified\":\"2025-08-14T18:03:15+00:00\",\"breadcrumb\":{\"@id\":\"https:\/\/old.reprorace.com\/de\/producto\/rpr-silikon-harz-und-klebstoff-loesungsmittel\/#breadcrumb\"},\"inLanguage\":\"de\",\"potentialAction\":[{\"@type\":\"ReadAction\",\"target\":[\"https:\/\/old.reprorace.com\/de\/producto\/rpr-silikon-harz-und-klebstoff-loesungsmittel\/\"]}]},{\"@type\":\"BreadcrumbList\",\"@id\":\"https:\/\/old.reprorace.com\/de\/producto\/rpr-silikon-harz-und-klebstoff-loesungsmittel\/#breadcrumb\",\"itemListElement\":[{\"@type\":\"ListItem\",\"position\":1,\"name\":\"Portada\",\"item\":\"https:\/\/old.reprorace.com\/de\/heim\/\"},{\"@type\":\"ListItem\",\"position\":2,\"name\":\"Tienda Reprorace\",\"item\":\"https:\/\/old.reprorace.com\/home-2\/\"},{\"@type\":\"ListItem\",\"position\":3,\"name\":\"RPR Silikon, Harz und Klebstoff L\u00f6sungsmittel\"}]},{\"@type\":\"WebSite\",\"@id\":\"https:\/\/old.reprorace.com\/#website\",\"url\":\"https:\/\/old.reprorace.com\/\",\"name\":\"Tienda ReproRACE\",\"description\":\"Todo lo necesario para reprogramar veh\u00edculos en tu taller mec\u00e1nico\",\"publisher\":{\"@id\":\"https:\/\/old.reprorace.com\/#organization\"},\"potentialAction\":[{\"@type\":\"SearchAction\",\"target\":{\"@type\":\"EntryPoint\",\"urlTemplate\":\"https:\/\/old.reprorace.com\/?s={search_term_string}\"},\"query-input\":{\"@type\":\"PropertyValueSpecification\",\"valueRequired\":true,\"valueName\":\"search_term_string\"}}],\"inLanguage\":\"de\"},{\"@type\":\"Organization\",\"@id\":\"https:\/\/old.reprorace.com\/#organization\",\"name\":\"Tienda ReproRACE\",\"url\":\"https:\/\/old.reprorace.com\/\",\"logo\":{\"@type\":\"ImageObject\",\"inLanguage\":\"de\",\"@id\":\"https:\/\/old.reprorace.com\/#\/schema\/logo\/image\/\",\"url\":\"https:\/\/old.reprorace.com\/wp-content\/uploads\/2023\/04\/cropped-logo_vector_-e1681820515513.png\",\"contentUrl\":\"https:\/\/old.reprorace.com\/wp-content\/uploads\/2023\/04\/cropped-logo_vector_-e1681820515513.png\",\"width\":448,\"height\":128,\"caption\":\"Tienda ReproRACE\"},\"image\":{\"@id\":\"https:\/\/old.reprorace.com\/#\/schema\/logo\/image\/\"}}]}<\/script>\n<!-- \/ Yoast SEO plugin. -->","yoast_head_json":{"title":"RPR Silikon, Harz und Klebstoff L\u00f6sungsmittel - Tienda ReproRACE","robots":{"index":"index","follow":"follow","max-snippet":"max-snippet:-1","max-image-preview":"max-image-preview:large","max-video-preview":"max-video-preview:-1"},"canonical":"https:\/\/old.reprorace.com\/de\/producto\/rpr-silikon-harz-und-klebstoff-loesungsmittel\/","og_locale":"de_DE","og_type":"article","og_title":"RPR Silikon, Harz und Klebstoff L\u00f6sungsmittel - Tienda ReproRACE","og_description":"Der beste Weg, um die Silikone und Klebstoffe zu entfernen, die mit gebrauchten Steuerger\u00e4ten geliefert werden, ist zweifellos unser spezielles L\u00f6sungsmittel, das entwickelt wurde, um elektronische Komponenten nicht zu besch\u00e4digen, seine Verwendung ist sicher, schnell und effektiv","og_url":"https:\/\/old.reprorace.com\/de\/producto\/rpr-silikon-harz-und-klebstoff-loesungsmittel\/","og_site_name":"Tienda ReproRACE","article_modified_time":"2025-08-14T18:03:15+00:00","twitter_card":"summary_large_image","schema":{"@context":"https:\/\/schema.org","@graph":[{"@type":"WebPage","@id":"https:\/\/old.reprorace.com\/de\/producto\/rpr-silikon-harz-und-klebstoff-loesungsmittel\/","url":"https:\/\/old.reprorace.com\/de\/producto\/rpr-silikon-harz-und-klebstoff-loesungsmittel\/","name":"RPR Silikon, Harz und Klebstoff L\u00f6sungsmittel - Tienda ReproRACE","isPartOf":{"@id":"https:\/\/old.reprorace.com\/#website"},"datePublished":"2022-12-06T11:34:54+00:00","dateModified":"2025-08-14T18:03:15+00:00","breadcrumb":{"@id":"https:\/\/old.reprorace.com\/de\/producto\/rpr-silikon-harz-und-klebstoff-loesungsmittel\/#breadcrumb"},"inLanguage":"de","potentialAction":[{"@type":"ReadAction","target":["https:\/\/old.reprorace.com\/de\/producto\/rpr-silikon-harz-und-klebstoff-loesungsmittel\/"]}]},{"@type":"BreadcrumbList","@id":"https:\/\/old.reprorace.com\/de\/producto\/rpr-silikon-harz-und-klebstoff-loesungsmittel\/#breadcrumb","itemListElement":[{"@type":"ListItem","position":1,"name":"Portada","item":"https:\/\/old.reprorace.com\/de\/heim\/"},{"@type":"ListItem","position":2,"name":"Tienda Reprorace","item":"https:\/\/old.reprorace.com\/home-2\/"},{"@type":"ListItem","position":3,"name":"RPR Silikon, Harz und Klebstoff L\u00f6sungsmittel"}]},{"@type":"WebSite","@id":"https:\/\/old.reprorace.com\/#website","url":"https:\/\/old.reprorace.com\/","name":"Tienda ReproRACE","description":"Todo lo necesario para reprogramar veh\u00edculos en tu taller mec\u00e1nico","publisher":{"@id":"https:\/\/old.reprorace.com\/#organization"},"potentialAction":[{"@type":"SearchAction","target":{"@type":"EntryPoint","urlTemplate":"https:\/\/old.reprorace.com\/?s={search_term_string}"},"query-input":{"@type":"PropertyValueSpecification","valueRequired":true,"valueName":"search_term_string"}}],"inLanguage":"de"},{"@type":"Organization","@id":"https:\/\/old.reprorace.com\/#organization","name":"Tienda ReproRACE","url":"https:\/\/old.reprorace.com\/","logo":{"@type":"ImageObject","inLanguage":"de","@id":"https:\/\/old.reprorace.com\/#\/schema\/logo\/image\/","url":"https:\/\/old.reprorace.com\/wp-content\/uploads\/2023\/04\/cropped-logo_vector_-e1681820515513.png","contentUrl":"https:\/\/old.reprorace.com\/wp-content\/uploads\/2023\/04\/cropped-logo_vector_-e1681820515513.png","width":448,"height":128,"caption":"Tienda ReproRACE"},"image":{"@id":"https:\/\/old.reprorace.com\/#\/schema\/logo\/image\/"}}]}},"_links":{"self":[{"href":"https:\/\/old.reprorace.com\/de\/wp-json\/wp\/v2\/product\/112860","targetHints":{"allow":["GET"]}}],"collection":[{"href":"https:\/\/old.reprorace.com\/de\/wp-json\/wp\/v2\/product"}],"about":[{"href":"https:\/\/old.reprorace.com\/de\/wp-json\/wp\/v2\/types\/product"}],"version-history":[{"count":0,"href":"https:\/\/old.reprorace.com\/de\/wp-json\/wp\/v2\/product\/112860\/revisions"}],"wp:attachment":[{"href":"https:\/\/old.reprorace.com\/de\/wp-json\/wp\/v2\/media?parent=112860"}],"wp:term":[{"taxonomy":"product_brand","embeddable":true,"href":"https:\/\/old.reprorace.com\/de\/wp-json\/wp\/v2\/product_brand?post=112860"},{"taxonomy":"product_cat","embeddable":true,"href":"https:\/\/old.reprorace.com\/de\/wp-json\/wp\/v2\/product_cat?post=112860"},{"taxonomy":"product_tag","embeddable":true,"href":"https:\/\/old.reprorace.com\/de\/wp-json\/wp\/v2\/product_tag?post=112860"}],"curies":[{"name":"wp","href":"https:\/\/api.w.org\/{rel}","templated":true}]}}