{"id":112866,"date":"2022-12-06T11:34:54","date_gmt":"2022-12-06T11:34:54","guid":{"rendered":"https:\/\/reprorace.com\/shop\/producto\/saeurelot-rpr-ohne-reinigung-flux-rpr\/"},"modified":"2025-08-14T18:03:24","modified_gmt":"2025-08-14T18:03:24","slug":"saeurelot-rpr-ohne-reinigung-flux-rpr","status":"publish","type":"product","link":"https:\/\/old.reprorace.com\/de\/producto\/saeurelot-rpr-ohne-reinigung-flux-rpr\/","title":{"rendered":"S\u00e4urelot RPR ohne Reinigung &#8211; FLUX RPR"},"content":{"rendered":"<p>S\u00e4urelot RPR ohne Reinigung &#8211; FLUX RPR<\/p>\n","protected":false},"excerpt":{"rendered":"<p>Die L\u00f6ts\u00e4ure wird Ihnen die Arbeit im Labor erleichtern, das L\u00f6ten ist nach der Anwendung unseres speziellen FLUX viel einfacher und sicherer. Eine nachtr\u00e4gliche Reinigung ist zwar nicht notwendig, wir empfehlen jedoch, die Reste mit Isopropylalkohol oder Kontaktreiniger zu reinigen. <\/p>\n","protected":false},"featured_media":0,"template":"","meta":{"inline_featured_image":false},"product_brand":[],"product_cat":[7521],"product_tag":[],"class_list":{"0":"post-112866","1":"product","2":"type-product","3":"status-publish","5":"product_cat-schweis-und-laborzubehor","7":"first","8":"instock","9":"taxable","10":"shipping-taxable","11":"purchasable","12":"product-type-simple"},"yoast_head":"<!-- This site is optimized with the Yoast SEO plugin v26.3 - https:\/\/yoast.com\/wordpress\/plugins\/seo\/ -->\n<title>S\u00e4urelot RPR ohne Reinigung - FLUX RPR - Tienda ReproRACE<\/title>\n<meta name=\"robots\" content=\"index, follow, max-snippet:-1, max-image-preview:large, max-video-preview:-1\" \/>\n<link rel=\"canonical\" href=\"https:\/\/old.reprorace.com\/de\/producto\/saeurelot-rpr-ohne-reinigung-flux-rpr\/\" \/>\n<meta property=\"og:locale\" content=\"de_DE\" \/>\n<meta property=\"og:type\" content=\"article\" \/>\n<meta property=\"og:title\" content=\"S\u00e4urelot RPR ohne Reinigung - FLUX RPR - Tienda ReproRACE\" \/>\n<meta property=\"og:description\" content=\"Die L\u00f6ts\u00e4ure wird Ihnen die Arbeit im Labor erleichtern, das L\u00f6ten ist nach der Anwendung unseres speziellen FLUX viel einfacher und sicherer. Eine nachtr\u00e4gliche Reinigung ist zwar nicht notwendig, wir empfehlen jedoch, die Reste mit Isopropylalkohol oder Kontaktreiniger zu reinigen.\" \/>\n<meta property=\"og:url\" content=\"https:\/\/old.reprorace.com\/de\/producto\/saeurelot-rpr-ohne-reinigung-flux-rpr\/\" \/>\n<meta property=\"og:site_name\" content=\"Tienda ReproRACE\" \/>\n<meta property=\"article:modified_time\" content=\"2025-08-14T18:03:24+00:00\" \/>\n<meta name=\"twitter:card\" content=\"summary_large_image\" \/>\n<script type=\"application\/ld+json\" class=\"yoast-schema-graph\">{\"@context\":\"https:\/\/schema.org\",\"@graph\":[{\"@type\":\"WebPage\",\"@id\":\"https:\/\/old.reprorace.com\/de\/producto\/saeurelot-rpr-ohne-reinigung-flux-rpr\/\",\"url\":\"https:\/\/old.reprorace.com\/de\/producto\/saeurelot-rpr-ohne-reinigung-flux-rpr\/\",\"name\":\"S\u00e4urelot RPR ohne Reinigung - FLUX RPR - Tienda ReproRACE\",\"isPartOf\":{\"@id\":\"https:\/\/old.reprorace.com\/#website\"},\"datePublished\":\"2022-12-06T11:34:54+00:00\",\"dateModified\":\"2025-08-14T18:03:24+00:00\",\"breadcrumb\":{\"@id\":\"https:\/\/old.reprorace.com\/de\/producto\/saeurelot-rpr-ohne-reinigung-flux-rpr\/#breadcrumb\"},\"inLanguage\":\"de\",\"potentialAction\":[{\"@type\":\"ReadAction\",\"target\":[\"https:\/\/old.reprorace.com\/de\/producto\/saeurelot-rpr-ohne-reinigung-flux-rpr\/\"]}]},{\"@type\":\"BreadcrumbList\",\"@id\":\"https:\/\/old.reprorace.com\/de\/producto\/saeurelot-rpr-ohne-reinigung-flux-rpr\/#breadcrumb\",\"itemListElement\":[{\"@type\":\"ListItem\",\"position\":1,\"name\":\"Portada\",\"item\":\"https:\/\/old.reprorace.com\/de\/heim\/\"},{\"@type\":\"ListItem\",\"position\":2,\"name\":\"Tienda Reprorace\",\"item\":\"https:\/\/old.reprorace.com\/home-2\/\"},{\"@type\":\"ListItem\",\"position\":3,\"name\":\"S\u00e4urelot RPR ohne Reinigung &#8211; FLUX RPR\"}]},{\"@type\":\"WebSite\",\"@id\":\"https:\/\/old.reprorace.com\/#website\",\"url\":\"https:\/\/old.reprorace.com\/\",\"name\":\"Tienda ReproRACE\",\"description\":\"Todo lo necesario para reprogramar veh\u00edculos en tu taller mec\u00e1nico\",\"publisher\":{\"@id\":\"https:\/\/old.reprorace.com\/#organization\"},\"potentialAction\":[{\"@type\":\"SearchAction\",\"target\":{\"@type\":\"EntryPoint\",\"urlTemplate\":\"https:\/\/old.reprorace.com\/?s={search_term_string}\"},\"query-input\":{\"@type\":\"PropertyValueSpecification\",\"valueRequired\":true,\"valueName\":\"search_term_string\"}}],\"inLanguage\":\"de\"},{\"@type\":\"Organization\",\"@id\":\"https:\/\/old.reprorace.com\/#organization\",\"name\":\"Tienda ReproRACE\",\"url\":\"https:\/\/old.reprorace.com\/\",\"logo\":{\"@type\":\"ImageObject\",\"inLanguage\":\"de\",\"@id\":\"https:\/\/old.reprorace.com\/#\/schema\/logo\/image\/\",\"url\":\"https:\/\/old.reprorace.com\/wp-content\/uploads\/2023\/04\/cropped-logo_vector_-e1681820515513.png\",\"contentUrl\":\"https:\/\/old.reprorace.com\/wp-content\/uploads\/2023\/04\/cropped-logo_vector_-e1681820515513.png\",\"width\":448,\"height\":128,\"caption\":\"Tienda ReproRACE\"},\"image\":{\"@id\":\"https:\/\/old.reprorace.com\/#\/schema\/logo\/image\/\"}}]}<\/script>\n<!-- \/ Yoast SEO plugin. -->","yoast_head_json":{"title":"S\u00e4urelot RPR ohne Reinigung - FLUX RPR - Tienda ReproRACE","robots":{"index":"index","follow":"follow","max-snippet":"max-snippet:-1","max-image-preview":"max-image-preview:large","max-video-preview":"max-video-preview:-1"},"canonical":"https:\/\/old.reprorace.com\/de\/producto\/saeurelot-rpr-ohne-reinigung-flux-rpr\/","og_locale":"de_DE","og_type":"article","og_title":"S\u00e4urelot RPR ohne Reinigung - FLUX RPR - Tienda ReproRACE","og_description":"Die L\u00f6ts\u00e4ure wird Ihnen die Arbeit im Labor erleichtern, das L\u00f6ten ist nach der Anwendung unseres speziellen FLUX viel einfacher und sicherer. Eine nachtr\u00e4gliche Reinigung ist zwar nicht notwendig, wir empfehlen jedoch, die Reste mit Isopropylalkohol oder Kontaktreiniger zu reinigen.","og_url":"https:\/\/old.reprorace.com\/de\/producto\/saeurelot-rpr-ohne-reinigung-flux-rpr\/","og_site_name":"Tienda ReproRACE","article_modified_time":"2025-08-14T18:03:24+00:00","twitter_card":"summary_large_image","schema":{"@context":"https:\/\/schema.org","@graph":[{"@type":"WebPage","@id":"https:\/\/old.reprorace.com\/de\/producto\/saeurelot-rpr-ohne-reinigung-flux-rpr\/","url":"https:\/\/old.reprorace.com\/de\/producto\/saeurelot-rpr-ohne-reinigung-flux-rpr\/","name":"S\u00e4urelot RPR ohne Reinigung - FLUX RPR - Tienda ReproRACE","isPartOf":{"@id":"https:\/\/old.reprorace.com\/#website"},"datePublished":"2022-12-06T11:34:54+00:00","dateModified":"2025-08-14T18:03:24+00:00","breadcrumb":{"@id":"https:\/\/old.reprorace.com\/de\/producto\/saeurelot-rpr-ohne-reinigung-flux-rpr\/#breadcrumb"},"inLanguage":"de","potentialAction":[{"@type":"ReadAction","target":["https:\/\/old.reprorace.com\/de\/producto\/saeurelot-rpr-ohne-reinigung-flux-rpr\/"]}]},{"@type":"BreadcrumbList","@id":"https:\/\/old.reprorace.com\/de\/producto\/saeurelot-rpr-ohne-reinigung-flux-rpr\/#breadcrumb","itemListElement":[{"@type":"ListItem","position":1,"name":"Portada","item":"https:\/\/old.reprorace.com\/de\/heim\/"},{"@type":"ListItem","position":2,"name":"Tienda Reprorace","item":"https:\/\/old.reprorace.com\/home-2\/"},{"@type":"ListItem","position":3,"name":"S\u00e4urelot RPR ohne Reinigung &#8211; FLUX RPR"}]},{"@type":"WebSite","@id":"https:\/\/old.reprorace.com\/#website","url":"https:\/\/old.reprorace.com\/","name":"Tienda ReproRACE","description":"Todo lo necesario para reprogramar veh\u00edculos en tu taller mec\u00e1nico","publisher":{"@id":"https:\/\/old.reprorace.com\/#organization"},"potentialAction":[{"@type":"SearchAction","target":{"@type":"EntryPoint","urlTemplate":"https:\/\/old.reprorace.com\/?s={search_term_string}"},"query-input":{"@type":"PropertyValueSpecification","valueRequired":true,"valueName":"search_term_string"}}],"inLanguage":"de"},{"@type":"Organization","@id":"https:\/\/old.reprorace.com\/#organization","name":"Tienda ReproRACE","url":"https:\/\/old.reprorace.com\/","logo":{"@type":"ImageObject","inLanguage":"de","@id":"https:\/\/old.reprorace.com\/#\/schema\/logo\/image\/","url":"https:\/\/old.reprorace.com\/wp-content\/uploads\/2023\/04\/cropped-logo_vector_-e1681820515513.png","contentUrl":"https:\/\/old.reprorace.com\/wp-content\/uploads\/2023\/04\/cropped-logo_vector_-e1681820515513.png","width":448,"height":128,"caption":"Tienda ReproRACE"},"image":{"@id":"https:\/\/old.reprorace.com\/#\/schema\/logo\/image\/"}}]}},"_links":{"self":[{"href":"https:\/\/old.reprorace.com\/de\/wp-json\/wp\/v2\/product\/112866","targetHints":{"allow":["GET"]}}],"collection":[{"href":"https:\/\/old.reprorace.com\/de\/wp-json\/wp\/v2\/product"}],"about":[{"href":"https:\/\/old.reprorace.com\/de\/wp-json\/wp\/v2\/types\/product"}],"version-history":[{"count":0,"href":"https:\/\/old.reprorace.com\/de\/wp-json\/wp\/v2\/product\/112866\/revisions"}],"wp:attachment":[{"href":"https:\/\/old.reprorace.com\/de\/wp-json\/wp\/v2\/media?parent=112866"}],"wp:term":[{"taxonomy":"product_brand","embeddable":true,"href":"https:\/\/old.reprorace.com\/de\/wp-json\/wp\/v2\/product_brand?post=112866"},{"taxonomy":"product_cat","embeddable":true,"href":"https:\/\/old.reprorace.com\/de\/wp-json\/wp\/v2\/product_cat?post=112866"},{"taxonomy":"product_tag","embeddable":true,"href":"https:\/\/old.reprorace.com\/de\/wp-json\/wp\/v2\/product_tag?post=112866"}],"curies":[{"name":"wp","href":"https:\/\/api.w.org\/{rel}","templated":true}]}}