{"id":113022,"date":"2023-03-10T13:05:55","date_gmt":"2023-03-10T13:05:55","guid":{"rendered":"https:\/\/reprorace.com\/shop\/producto\/ecm-titanium-3-0-vollstaendige-software-fuer-chiptuning\/"},"modified":"2025-08-14T18:05:01","modified_gmt":"2025-08-14T18:05:01","slug":"ecm-titanium-3-0-vollstaendige-software-fuer-chiptuning","status":"publish","type":"product","link":"https:\/\/old.reprorace.com\/de\/producto\/ecm-titanium-3-0-vollstaendige-software-fuer-chiptuning\/","title":{"rendered":"ECM Titanium 3.0 &#8211; Vollst\u00e4ndige Software f\u00fcr Chiptuning"},"content":{"rendered":"<p>Wenn Sie in 2D- oder tabellarischer Visualisierung arbeiten, <strong>verf\u00fcgen Sie \u00fcber effektive Werkzeuge f\u00fcr die Dateiverwaltung:<\/strong> Ausrichtungen, Scrollen und verbesserte Funktionen zum Kopieren\/Einf\u00fcgen erm\u00f6glichen es Ihnen, die Arbeitserfahrung zu optimieren. Nur durch den Vergleich zweier verschiedener Projekte <strong>wird es m\u00f6glich sein, Daten und Inkremente von einer Datei in eine andere zu replizieren, selektiv und mit maximaler Zuverl\u00e4ssigkeit.<\/strong> <\/p>\n<p>&nbsp;<\/p>\n<div class=\"elementor-element elementor-element-b3d4f94 elementor-widget elementor-widget-text-editor\" data-id=\"b3d4f94\" data-element_type=\"widget\" data-widget_type=\"text-editor.default\">\n<div class=\"elementor-widget-container\">\n<div class=\"elementor-text-editor elementor-clearfix\">\n<h3 style=\"text-align: center;\">WAS BIETET ECM TITANIUM 3.0?<\/h3>\n<p>&nbsp;<\/p>\n<\/div>\n<\/div>\n<\/div>\n<section class=\"elementor-section elementor-inner-section elementor-element elementor-element-4525108 elementor-section-boxed elementor-section-height-default elementor-section-height-default\" data-particle_enable=\"false\" data-particle-mobile-disabled=\"false\" data-id=\"4525108\" data-element_type=\"section\">\n<div class=\"elementor-container elementor-column-gap-default\">\n<div class=\"elementor-row\">\n<div class=\"elementor-column elementor-col-50 elementor-inner-column elementor-element elementor-element-26cc36d\" data-id=\"26cc36d\" data-element_type=\"column\">\n<div class=\"elementor-column-wrap elementor-element-populated\">\n<div class=\"elementor-widget-wrap\">\n<div class=\"elementor-element elementor-element-409e8a4 elementor-mobile-align-left elementor-icon-list--layout-traditional elementor-list-item-link-full_width elementor-widget elementor-widget-icon-list\" data-id=\"409e8a4\" data-element_type=\"widget\" data-widget_type=\"icon-list.default\">\n<div class=\"elementor-widget-container\">\n<ul>\n<li><span class=\"elementor-icon-list-text\">\u00dcBERARBEITETE BENUTZEROBERFL\u00c4CHE<\/span><\/li>\n<li><span class=\"elementor-icon-list-text\">M\u00d6GLICHKEIT, MIT EINEM VERGLEICHSPROJEKT ZU ARBEITEN<\/span><\/li>\n<li><span class=\"elementor-icon-list-text\">NEUE 2D- UND TABELLARISCHE DARSTELLUNGSFUNKTIONEN<\/span><\/li>\n<\/ul>\n<\/div>\n<\/div>\n<\/div>\n<\/div>\n<\/div>\n<div class=\"elementor-column elementor-col-50 elementor-inner-column elementor-element elementor-element-9138f9e\" data-id=\"9138f9e\" data-element_type=\"column\">\n<div class=\"elementor-column-wrap elementor-element-populated\">\n<div class=\"elementor-widget-wrap\">\n<div class=\"elementor-element elementor-element-da44f81 elementor-mobile-align-left elementor-icon-list--layout-traditional elementor-list-item-link-full_width elementor-widget elementor-widget-icon-list\" data-id=\"da44f81\" data-element_type=\"widget\" data-widget_type=\"icon-list.default\">\n<div class=\"elementor-widget-container\">\n<ul>\n<li><span class=\"elementor-icon-list-text\">NEUE 2D-FUNKTIONEN ZUM KOPIEREN\/EINF\u00dcGEN UND TABELLARISCH<\/span><\/li>\n<li><span class=\"elementor-icon-list-text\">INDIVIDUELLES PROJEKTMANAGEMENT<\/span><\/li>\n<li><span class=\"elementor-icon-list-text\">AUTOMATISCHE SUCHE NACH STEUERUNGEN DER N\u00c4CHSTEN GENERATION<\/span><\/li>\n<\/ul>\n<p>&nbsp;<\/p>\n<\/div>\n<\/div>\n<\/div>\n<\/div>\n<\/div>\n<\/div>\n<\/div>\n<\/section>\n<p><strong>Mit <span class=\"il\">ECM<\/span> <span class=\"il\">Titanium<\/span> 3.0 werden Ihre Kalibrierungen noch schneller und genauer. Legen Sie die Messlatte f\u00fcr Eingriffe mit einem neuen Standard der Neuprogrammierung h\u00f6her. <\/strong><\/p>\n","protected":false},"excerpt":{"rendered":"<p>Mit <span class=\"il\">ECM<\/span> <span class=\"il\">Titanium<\/span> 3.0 werden Ihre Kalibrierungen noch schneller und genauer. Beginnen Sie mit der \u00c4nderung der Fahrzeugdateien Ihrer Kunden mit dem einfachsten und leistungsst\u00e4rksten Programm auf dem Markt. <\/p>\n","protected":false},"featured_media":0,"template":"","meta":{"inline_featured_image":false},"product_brand":[],"product_cat":[7531],"product_tag":[],"class_list":{"0":"post-113022","1":"product","2":"type-product","3":"status-publish","5":"product_cat-titan-3-nte","7":"first","8":"instock","9":"taxable","10":"shipping-taxable","11":"purchasable","12":"product-type-simple"},"yoast_head":"<!-- This site is optimized with the Yoast SEO plugin v26.3 - https:\/\/yoast.com\/wordpress\/plugins\/seo\/ -->\n<title>ECM Titanium 3.0 - Vollst\u00e4ndige Software f\u00fcr Chiptuning - Tienda ReproRACE<\/title>\n<meta name=\"robots\" content=\"index, follow, max-snippet:-1, max-image-preview:large, max-video-preview:-1\" \/>\n<link rel=\"canonical\" href=\"https:\/\/old.reprorace.com\/de\/producto\/ecm-titanium-3-0-vollstaendige-software-fuer-chiptuning\/\" \/>\n<meta property=\"og:locale\" content=\"de_DE\" \/>\n<meta property=\"og:type\" content=\"article\" \/>\n<meta property=\"og:title\" content=\"ECM Titanium 3.0 - Vollst\u00e4ndige Software f\u00fcr Chiptuning - Tienda ReproRACE\" \/>\n<meta property=\"og:description\" content=\"Mit ECM Titanium 3.0 werden Ihre Kalibrierungen noch schneller und genauer. Beginnen Sie mit der \u00c4nderung der Fahrzeugdateien Ihrer Kunden mit dem einfachsten und leistungsst\u00e4rksten Programm auf dem Markt.\" \/>\n<meta property=\"og:url\" content=\"https:\/\/old.reprorace.com\/de\/producto\/ecm-titanium-3-0-vollstaendige-software-fuer-chiptuning\/\" \/>\n<meta property=\"og:site_name\" content=\"Tienda ReproRACE\" \/>\n<meta property=\"article:modified_time\" content=\"2025-08-14T18:05:01+00:00\" \/>\n<meta name=\"twitter:card\" content=\"summary_large_image\" \/>\n<meta name=\"twitter:label1\" content=\"Gesch\u00e4tzte Lesezeit\" \/>\n\t<meta name=\"twitter:data1\" content=\"1\u00a0Minute\" \/>\n<script type=\"application\/ld+json\" class=\"yoast-schema-graph\">{\"@context\":\"https:\/\/schema.org\",\"@graph\":[{\"@type\":\"WebPage\",\"@id\":\"https:\/\/old.reprorace.com\/de\/producto\/ecm-titanium-3-0-vollstaendige-software-fuer-chiptuning\/\",\"url\":\"https:\/\/old.reprorace.com\/de\/producto\/ecm-titanium-3-0-vollstaendige-software-fuer-chiptuning\/\",\"name\":\"ECM Titanium 3.0 - Vollst\u00e4ndige Software f\u00fcr Chiptuning - Tienda ReproRACE\",\"isPartOf\":{\"@id\":\"https:\/\/old.reprorace.com\/#website\"},\"datePublished\":\"2023-03-10T13:05:55+00:00\",\"dateModified\":\"2025-08-14T18:05:01+00:00\",\"breadcrumb\":{\"@id\":\"https:\/\/old.reprorace.com\/de\/producto\/ecm-titanium-3-0-vollstaendige-software-fuer-chiptuning\/#breadcrumb\"},\"inLanguage\":\"de\",\"potentialAction\":[{\"@type\":\"ReadAction\",\"target\":[\"https:\/\/old.reprorace.com\/de\/producto\/ecm-titanium-3-0-vollstaendige-software-fuer-chiptuning\/\"]}]},{\"@type\":\"BreadcrumbList\",\"@id\":\"https:\/\/old.reprorace.com\/de\/producto\/ecm-titanium-3-0-vollstaendige-software-fuer-chiptuning\/#breadcrumb\",\"itemListElement\":[{\"@type\":\"ListItem\",\"position\":1,\"name\":\"Portada\",\"item\":\"https:\/\/old.reprorace.com\/de\/heim\/\"},{\"@type\":\"ListItem\",\"position\":2,\"name\":\"Tienda Reprorace\",\"item\":\"https:\/\/old.reprorace.com\/home-2\/\"},{\"@type\":\"ListItem\",\"position\":3,\"name\":\"ECM Titanium 3.0 &#8211; Vollst\u00e4ndige Software f\u00fcr Chiptuning\"}]},{\"@type\":\"WebSite\",\"@id\":\"https:\/\/old.reprorace.com\/#website\",\"url\":\"https:\/\/old.reprorace.com\/\",\"name\":\"Tienda ReproRACE\",\"description\":\"Todo lo necesario para reprogramar veh\u00edculos en tu taller mec\u00e1nico\",\"publisher\":{\"@id\":\"https:\/\/old.reprorace.com\/#organization\"},\"potentialAction\":[{\"@type\":\"SearchAction\",\"target\":{\"@type\":\"EntryPoint\",\"urlTemplate\":\"https:\/\/old.reprorace.com\/?s={search_term_string}\"},\"query-input\":{\"@type\":\"PropertyValueSpecification\",\"valueRequired\":true,\"valueName\":\"search_term_string\"}}],\"inLanguage\":\"de\"},{\"@type\":\"Organization\",\"@id\":\"https:\/\/old.reprorace.com\/#organization\",\"name\":\"Tienda ReproRACE\",\"url\":\"https:\/\/old.reprorace.com\/\",\"logo\":{\"@type\":\"ImageObject\",\"inLanguage\":\"de\",\"@id\":\"https:\/\/old.reprorace.com\/#\/schema\/logo\/image\/\",\"url\":\"https:\/\/old.reprorace.com\/wp-content\/uploads\/2023\/04\/cropped-logo_vector_-e1681820515513.png\",\"contentUrl\":\"https:\/\/old.reprorace.com\/wp-content\/uploads\/2023\/04\/cropped-logo_vector_-e1681820515513.png\",\"width\":448,\"height\":128,\"caption\":\"Tienda ReproRACE\"},\"image\":{\"@id\":\"https:\/\/old.reprorace.com\/#\/schema\/logo\/image\/\"}}]}<\/script>\n<!-- \/ Yoast SEO plugin. -->","yoast_head_json":{"title":"ECM Titanium 3.0 - Vollst\u00e4ndige Software f\u00fcr Chiptuning - Tienda ReproRACE","robots":{"index":"index","follow":"follow","max-snippet":"max-snippet:-1","max-image-preview":"max-image-preview:large","max-video-preview":"max-video-preview:-1"},"canonical":"https:\/\/old.reprorace.com\/de\/producto\/ecm-titanium-3-0-vollstaendige-software-fuer-chiptuning\/","og_locale":"de_DE","og_type":"article","og_title":"ECM Titanium 3.0 - Vollst\u00e4ndige Software f\u00fcr Chiptuning - Tienda ReproRACE","og_description":"Mit ECM Titanium 3.0 werden Ihre Kalibrierungen noch schneller und genauer. Beginnen Sie mit der \u00c4nderung der Fahrzeugdateien Ihrer Kunden mit dem einfachsten und leistungsst\u00e4rksten Programm auf dem Markt.","og_url":"https:\/\/old.reprorace.com\/de\/producto\/ecm-titanium-3-0-vollstaendige-software-fuer-chiptuning\/","og_site_name":"Tienda ReproRACE","article_modified_time":"2025-08-14T18:05:01+00:00","twitter_card":"summary_large_image","twitter_misc":{"Gesch\u00e4tzte Lesezeit":"1\u00a0Minute"},"schema":{"@context":"https:\/\/schema.org","@graph":[{"@type":"WebPage","@id":"https:\/\/old.reprorace.com\/de\/producto\/ecm-titanium-3-0-vollstaendige-software-fuer-chiptuning\/","url":"https:\/\/old.reprorace.com\/de\/producto\/ecm-titanium-3-0-vollstaendige-software-fuer-chiptuning\/","name":"ECM Titanium 3.0 - Vollst\u00e4ndige Software f\u00fcr Chiptuning - Tienda ReproRACE","isPartOf":{"@id":"https:\/\/old.reprorace.com\/#website"},"datePublished":"2023-03-10T13:05:55+00:00","dateModified":"2025-08-14T18:05:01+00:00","breadcrumb":{"@id":"https:\/\/old.reprorace.com\/de\/producto\/ecm-titanium-3-0-vollstaendige-software-fuer-chiptuning\/#breadcrumb"},"inLanguage":"de","potentialAction":[{"@type":"ReadAction","target":["https:\/\/old.reprorace.com\/de\/producto\/ecm-titanium-3-0-vollstaendige-software-fuer-chiptuning\/"]}]},{"@type":"BreadcrumbList","@id":"https:\/\/old.reprorace.com\/de\/producto\/ecm-titanium-3-0-vollstaendige-software-fuer-chiptuning\/#breadcrumb","itemListElement":[{"@type":"ListItem","position":1,"name":"Portada","item":"https:\/\/old.reprorace.com\/de\/heim\/"},{"@type":"ListItem","position":2,"name":"Tienda Reprorace","item":"https:\/\/old.reprorace.com\/home-2\/"},{"@type":"ListItem","position":3,"name":"ECM Titanium 3.0 &#8211; Vollst\u00e4ndige Software f\u00fcr Chiptuning"}]},{"@type":"WebSite","@id":"https:\/\/old.reprorace.com\/#website","url":"https:\/\/old.reprorace.com\/","name":"Tienda ReproRACE","description":"Todo lo necesario para reprogramar veh\u00edculos en tu taller mec\u00e1nico","publisher":{"@id":"https:\/\/old.reprorace.com\/#organization"},"potentialAction":[{"@type":"SearchAction","target":{"@type":"EntryPoint","urlTemplate":"https:\/\/old.reprorace.com\/?s={search_term_string}"},"query-input":{"@type":"PropertyValueSpecification","valueRequired":true,"valueName":"search_term_string"}}],"inLanguage":"de"},{"@type":"Organization","@id":"https:\/\/old.reprorace.com\/#organization","name":"Tienda ReproRACE","url":"https:\/\/old.reprorace.com\/","logo":{"@type":"ImageObject","inLanguage":"de","@id":"https:\/\/old.reprorace.com\/#\/schema\/logo\/image\/","url":"https:\/\/old.reprorace.com\/wp-content\/uploads\/2023\/04\/cropped-logo_vector_-e1681820515513.png","contentUrl":"https:\/\/old.reprorace.com\/wp-content\/uploads\/2023\/04\/cropped-logo_vector_-e1681820515513.png","width":448,"height":128,"caption":"Tienda ReproRACE"},"image":{"@id":"https:\/\/old.reprorace.com\/#\/schema\/logo\/image\/"}}]}},"_links":{"self":[{"href":"https:\/\/old.reprorace.com\/de\/wp-json\/wp\/v2\/product\/113022","targetHints":{"allow":["GET"]}}],"collection":[{"href":"https:\/\/old.reprorace.com\/de\/wp-json\/wp\/v2\/product"}],"about":[{"href":"https:\/\/old.reprorace.com\/de\/wp-json\/wp\/v2\/types\/product"}],"version-history":[{"count":0,"href":"https:\/\/old.reprorace.com\/de\/wp-json\/wp\/v2\/product\/113022\/revisions"}],"wp:attachment":[{"href":"https:\/\/old.reprorace.com\/de\/wp-json\/wp\/v2\/media?parent=113022"}],"wp:term":[{"taxonomy":"product_brand","embeddable":true,"href":"https:\/\/old.reprorace.com\/de\/wp-json\/wp\/v2\/product_brand?post=113022"},{"taxonomy":"product_cat","embeddable":true,"href":"https:\/\/old.reprorace.com\/de\/wp-json\/wp\/v2\/product_cat?post=113022"},{"taxonomy":"product_tag","embeddable":true,"href":"https:\/\/old.reprorace.com\/de\/wp-json\/wp\/v2\/product_tag?post=113022"}],"curies":[{"name":"wp","href":"https:\/\/api.w.org\/{rel}","templated":true}]}}