{"id":117888,"date":"2024-05-28T09:05:34","date_gmt":"2024-05-28T09:05:34","guid":{"rendered":"https:\/\/reprorace.com\/shop\/producto\/espana-6-y-7-de-febrero-2026-madrid_\/"},"modified":"2026-02-03T22:23:34","modified_gmt":"2026-02-03T22:23:34","slug":"espana-6-y-7-de-febrero-2026-madrid_","status":"publish","type":"product","link":"https:\/\/old.reprorace.com\/de\/producto\/espana-6-y-7-de-febrero-2026-madrid_\/","title":{"rendered":"ESPA\u00d1A &#8211; 6 y 7 de Febrero &#8211; MADRID"},"content":{"rendered":"<ul>\n<li><strong>Fecha:<\/strong> 6 y 7 de Febrero 2026<\/li>\n<li><strong>Lugar:<\/strong>\u00a0 \u00a0 \u00a0 Viernes 6: Avd. Industria, 3, Tres Cantos, Madrid &#8211; Domingo 8: (Pr\u00e1cticas sobre dinam\u00f3metro) Avd. Montes de Oca, 20 Nave 15.<\/li>\n<li><strong>Incluido:<\/strong> Acceso al curso, temario y documentaci\u00f3n t\u00e9cnica, certificaci\u00f3n, almuerzo del Viernes.<\/li>\n<li><strong>Horario:<\/strong>\n<ul>\n<li>Viernes 6, comienzo a las 9am en la sala indicada. A las 14h almuerzo. 15:30 continuaci\u00f3n hasta la consecuci\u00f3n del temario del viernes.<\/li>\n<li>S\u00e1bado 7, comienzo a las 9am en la sala de dinam\u00f3metro. Escribiremos y testaremos el veh\u00edculo programado sobre el dinamometro en nuestra sala de desarrollo. Estimamos finalizar el s\u00e1bado sobre las 13h.<\/li>\n<\/ul>\n<\/li>\n<\/ul>\n<p>Curso de formaci\u00f3n en programaci\u00f3n electr\u00f3nica de ECU de motor 100% en directo, enfocado en brindar a los participantes los conocimientos y habilidades necesarias para entender y modificar la electr\u00f3nica de unidades de control de motores, en el cual el alumno aprender\u00e1 a comprender el funcionamiento y gesti\u00f3n interna de la unidad y a como modificar los par\u00e1metros de forma segura.<\/p>\n<ol>\n<li><strong>Objetivos del curso:<\/strong>\n<ul>\n<li>Comprender el funcionamiento de las ECU de motor y su importancia en la gesti\u00f3n electr\u00f3nica de veh\u00edculos.<\/li>\n<li>Aprender las t\u00e9cnicas de lectura, interpretaci\u00f3n y modificaci\u00f3n de mapas de calibraci\u00f3n.<\/li>\n<li>Dominar el uso de software para la programaci\u00f3n de ECU.<\/li>\n<li>Desarrollar habilidades para diagnosticar y solucionar problemas en sistemas de control electr\u00f3nico de motores.<\/li>\n<\/ul>\n<\/li>\n<li><strong>Temario del curso actualizado a 2026:<\/strong>\n<ul>\n<li>Fundamentos de la electr\u00f3nica del autom\u00f3vil y la ECU.<\/li>\n<li>Sensores y actuadores en sistemas de control electr\u00f3nico de motores.<\/li>\n<li>T\u00e9cnicas de lectura y escritura de ECU.<\/li>\n<li>Tipos de estrategias en la optimizaci\u00f3n de motores.<\/li>\n<li>Interpretaci\u00f3n y modificaci\u00f3n de mapas de calibraci\u00f3n.<\/li>\n<li>Tuning y optimizaci\u00f3n de la gesti\u00f3n electr\u00f3nica del motor.<\/li>\n<li>Estudio de casos reales y ejercicios pr\u00e1cticos sobre:<\/li>\n<\/ul>\n<\/li>\n<\/ol>\n<ul>\n<li style=\"list-style-type: none;\">\n<ul>\n<li style=\"list-style-type: none;\">\n<ul>\n<li style=\"list-style-type: none;\">\n<ul>\n<li style=\"list-style-type: none;\">\n<ul>\n<li style=\"list-style-type: none;\">\n<ul>\n<li>Veh\u00edculo Diesel ligero.<\/li>\n<li>Veh\u00edculo Gasolina.<\/li>\n<li>Veh\u00edculo Pesado<\/li>\n<\/ul>\n<\/li>\n<\/ul>\n<\/li>\n<\/ul>\n<\/li>\n<\/ul>\n<\/li>\n<\/ul>\n<\/li>\n<\/ul>\n<ul>\n<li style=\"list-style-type: none;\">\n<ul>\n<li>Preguntas y resoluci\u00f3n de dudas<\/li>\n<\/ul>\n<\/li>\n<\/ul>\n<p>&nbsp;<\/p>\n<ol>\n<li><strong>Modalidad y duraci\u00f3n:<\/strong> 12 horas divididas en dos jornadas &#8211; Importante: adicionalmente a este tiempo incluiremos una hora en cada jornada para resoluci\u00f3n de dudas as\u00ed como un descanso intermedio cada hora y media.<\/li>\n<li><strong>Requisitos previos:<\/strong> Conocimientos previos en electr\u00f3nica, mec\u00e1nica, programaci\u00f3n u otras \u00e1reas relevantes para el curso, as\u00ed mismo recomendamos visualizar nuestro video de formaci\u00f3n b\u00e1sica gratuito en YouTube &#8222;Iniciaci\u00f3n a la programaci\u00f3n electr\u00f3nica&#8220;, pues nos servir\u00e1 como base ya que explicamos todos los conceptos b\u00e1sicos, unidades de medidas y par\u00e1metros b\u00e1sicos.<\/li>\n<li><strong>Destinatarios del curso:<\/strong> Profesionales del sector automotriz, mec\u00e1nicos\/as y entusiastas del tuning y la modificaci\u00f3n de veh\u00edculos.<\/li>\n<li><strong>Certificaci\u00f3n y reconocimientos:<\/strong> La finalizaci\u00f3n de nuestro curso de formaci\u00f3n otorgar\u00e1 certificaci\u00f3n sobre la superaci\u00f3n del mismo, con la entrega de certificado firmado por el formador y sellado por nuestra empresa, as\u00ed mismo el formador est\u00e1 debidamente certificado por el fabricante de las herramientas utilizadas.<\/li>\n<\/ol>\n<p>&nbsp;<\/p>\n","protected":false},"excerpt":{"rendered":"<p>Curso de formaci\u00f3n en programaci\u00f3n electr\u00f3nica de ECU de motor 100% en directo, enfocado en brindar a los participantes los conocimientos y habilidades necesarias para entender y modificar la electr\u00f3nica de unidades de control de motores, en el cual el alumno aprender\u00e1 a comprender el funcionamiento y gesti\u00f3n interna de la unidad y a como modificar los par\u00e1metros de forma segura.<\/p>\n<ul>\n<li><strong>Fecha:<\/strong> 6 y 7 de Febrero 2026<\/li>\n<li><strong>Lugar:<\/strong> Avd. Industria, 3, Tres Cantos, Madrid<\/li>\n<li><strong>Incluido:<\/strong> Acceso al curso, temario y documentaci\u00f3n t\u00e9cnica, certificaci\u00f3n, almuerzo del Viernes.<\/li>\n<\/ul>\n","protected":false},"featured_media":117889,"template":"","meta":{"inline_featured_image":false},"product_brand":[],"product_cat":[7815],"product_tag":[7816,7817,7818,7819],"class_list":{"0":"post-117888","1":"product","2":"type-product","3":"status-publish","4":"has-post-thumbnail","6":"product_cat-formacion_presencial-de","7":"product_tag-curso-madrid-de","8":"product_tag-curso-online-de","9":"product_tag-potenciacion-curso-online-de","10":"product_tag-programacion-electronica-de-unidades-de","12":"first","13":"outofstock","14":"sale","15":"virtual","16":"taxable","17":"purchasable","18":"product-type-simple"},"yoast_head":"<!-- This site is optimized with the Yoast SEO plugin v26.3 - https:\/\/yoast.com\/wordpress\/plugins\/seo\/ -->\n<title>Curso Chiptuning ESPA\u00d1A - 6 y 7 de Febrero - MADRID -<\/title>\n<meta name=\"description\" content=\"Descubre todos los secretos del chiptuning en un curso sin precedentes. Aprende a modificar tus propias unidades de motor de la mano de ReproRACE\" \/>\n<meta name=\"robots\" content=\"index, follow, max-snippet:-1, max-image-preview:large, max-video-preview:-1\" \/>\n<link rel=\"canonical\" href=\"https:\/\/old.reprorace.com\/de\/producto\/espana-6-y-7-de-febrero-2026-madrid_\/\" \/>\n<meta property=\"og:locale\" content=\"de_DE\" \/>\n<meta property=\"og:type\" content=\"article\" \/>\n<meta property=\"og:title\" content=\"Curso Chiptuning ESPA\u00d1A - 6 y 7 de Febrero - MADRID -\" \/>\n<meta property=\"og:description\" content=\"Descubre todos los secretos del chiptuning en un curso sin precedentes. Aprende a modificar tus propias unidades de motor de la mano de ReproRACE\" \/>\n<meta property=\"og:url\" content=\"https:\/\/old.reprorace.com\/de\/producto\/espana-6-y-7-de-febrero-2026-madrid_\/\" \/>\n<meta property=\"og:site_name\" content=\"Tienda ReproRACE\" \/>\n<meta property=\"article:modified_time\" content=\"2026-02-03T22:23:34+00:00\" \/>\n<meta property=\"og:image\" content=\"https:\/\/old.reprorace.com\/wp-content\/uploads\/2023\/04\/espana.jpg\" \/>\n\t<meta property=\"og:image:width\" content=\"1464\" \/>\n\t<meta property=\"og:image:height\" content=\"1152\" \/>\n\t<meta property=\"og:image:type\" content=\"image\/jpeg\" \/>\n<meta name=\"twitter:card\" content=\"summary_large_image\" \/>\n<meta name=\"twitter:label1\" content=\"Gesch\u00e4tzte Lesezeit\" \/>\n\t<meta name=\"twitter:data1\" content=\"3\u00a0Minute\" \/>\n<script type=\"application\/ld+json\" class=\"yoast-schema-graph\">{\"@context\":\"https:\/\/schema.org\",\"@graph\":[{\"@type\":\"WebPage\",\"@id\":\"https:\/\/old.reprorace.com\/de\/producto\/espana-6-y-7-de-febrero-2026-madrid_\/\",\"url\":\"https:\/\/old.reprorace.com\/de\/producto\/espana-6-y-7-de-febrero-2026-madrid_\/\",\"name\":\"Curso Chiptuning ESPA\u00d1A - 6 y 7 de Febrero - MADRID -\",\"isPartOf\":{\"@id\":\"https:\/\/old.reprorace.com\/#website\"},\"primaryImageOfPage\":{\"@id\":\"https:\/\/old.reprorace.com\/de\/producto\/espana-6-y-7-de-febrero-2026-madrid_\/#primaryimage\"},\"image\":{\"@id\":\"https:\/\/old.reprorace.com\/de\/producto\/espana-6-y-7-de-febrero-2026-madrid_\/#primaryimage\"},\"thumbnailUrl\":\"https:\/\/old.reprorace.com\/wp-content\/uploads\/2023\/04\/espana.jpg\",\"datePublished\":\"2024-05-28T09:05:34+00:00\",\"dateModified\":\"2026-02-03T22:23:34+00:00\",\"description\":\"Descubre todos los secretos del chiptuning en un curso sin precedentes. Aprende a modificar tus propias unidades de motor de la mano de ReproRACE\",\"breadcrumb\":{\"@id\":\"https:\/\/old.reprorace.com\/de\/producto\/espana-6-y-7-de-febrero-2026-madrid_\/#breadcrumb\"},\"inLanguage\":\"de\",\"potentialAction\":[{\"@type\":\"ReadAction\",\"target\":[\"https:\/\/old.reprorace.com\/de\/producto\/espana-6-y-7-de-febrero-2026-madrid_\/\"]}]},{\"@type\":\"ImageObject\",\"inLanguage\":\"de\",\"@id\":\"https:\/\/old.reprorace.com\/de\/producto\/espana-6-y-7-de-febrero-2026-madrid_\/#primaryimage\",\"url\":\"https:\/\/old.reprorace.com\/wp-content\/uploads\/2023\/04\/espana.jpg\",\"contentUrl\":\"https:\/\/old.reprorace.com\/wp-content\/uploads\/2023\/04\/espana.jpg\",\"width\":1464,\"height\":1152},{\"@type\":\"BreadcrumbList\",\"@id\":\"https:\/\/old.reprorace.com\/de\/producto\/espana-6-y-7-de-febrero-2026-madrid_\/#breadcrumb\",\"itemListElement\":[{\"@type\":\"ListItem\",\"position\":1,\"name\":\"Portada\",\"item\":\"https:\/\/old.reprorace.com\/de\/heim\/\"},{\"@type\":\"ListItem\",\"position\":2,\"name\":\"Tienda Reprorace\",\"item\":\"https:\/\/old.reprorace.com\/home-2\/\"},{\"@type\":\"ListItem\",\"position\":3,\"name\":\"ESPA\u00d1A &#8211; 6 y 7 de Febrero &#8211; MADRID\"}]},{\"@type\":\"WebSite\",\"@id\":\"https:\/\/old.reprorace.com\/#website\",\"url\":\"https:\/\/old.reprorace.com\/\",\"name\":\"Tienda ReproRACE\",\"description\":\"Todo lo necesario para reprogramar veh\u00edculos en tu taller mec\u00e1nico\",\"publisher\":{\"@id\":\"https:\/\/old.reprorace.com\/#organization\"},\"potentialAction\":[{\"@type\":\"SearchAction\",\"target\":{\"@type\":\"EntryPoint\",\"urlTemplate\":\"https:\/\/old.reprorace.com\/?s={search_term_string}\"},\"query-input\":{\"@type\":\"PropertyValueSpecification\",\"valueRequired\":true,\"valueName\":\"search_term_string\"}}],\"inLanguage\":\"de\"},{\"@type\":\"Organization\",\"@id\":\"https:\/\/old.reprorace.com\/#organization\",\"name\":\"Tienda ReproRACE\",\"url\":\"https:\/\/old.reprorace.com\/\",\"logo\":{\"@type\":\"ImageObject\",\"inLanguage\":\"de\",\"@id\":\"https:\/\/old.reprorace.com\/#\/schema\/logo\/image\/\",\"url\":\"https:\/\/old.reprorace.com\/wp-content\/uploads\/2023\/04\/cropped-logo_vector_-e1681820515513.png\",\"contentUrl\":\"https:\/\/old.reprorace.com\/wp-content\/uploads\/2023\/04\/cropped-logo_vector_-e1681820515513.png\",\"width\":448,\"height\":128,\"caption\":\"Tienda ReproRACE\"},\"image\":{\"@id\":\"https:\/\/old.reprorace.com\/#\/schema\/logo\/image\/\"}}]}<\/script>\n<!-- \/ Yoast SEO plugin. -->","yoast_head_json":{"title":"Curso Chiptuning ESPA\u00d1A - 6 y 7 de Febrero - MADRID -","description":"Descubre todos los secretos del chiptuning en un curso sin precedentes. Aprende a modificar tus propias unidades de motor de la mano de ReproRACE","robots":{"index":"index","follow":"follow","max-snippet":"max-snippet:-1","max-image-preview":"max-image-preview:large","max-video-preview":"max-video-preview:-1"},"canonical":"https:\/\/old.reprorace.com\/de\/producto\/espana-6-y-7-de-febrero-2026-madrid_\/","og_locale":"de_DE","og_type":"article","og_title":"Curso Chiptuning ESPA\u00d1A - 6 y 7 de Febrero - MADRID -","og_description":"Descubre todos los secretos del chiptuning en un curso sin precedentes. Aprende a modificar tus propias unidades de motor de la mano de ReproRACE","og_url":"https:\/\/old.reprorace.com\/de\/producto\/espana-6-y-7-de-febrero-2026-madrid_\/","og_site_name":"Tienda ReproRACE","article_modified_time":"2026-02-03T22:23:34+00:00","og_image":[{"width":1464,"height":1152,"url":"https:\/\/old.reprorace.com\/wp-content\/uploads\/2023\/04\/espana.jpg","type":"image\/jpeg"}],"twitter_card":"summary_large_image","twitter_misc":{"Gesch\u00e4tzte Lesezeit":"3\u00a0Minute"},"schema":{"@context":"https:\/\/schema.org","@graph":[{"@type":"WebPage","@id":"https:\/\/old.reprorace.com\/de\/producto\/espana-6-y-7-de-febrero-2026-madrid_\/","url":"https:\/\/old.reprorace.com\/de\/producto\/espana-6-y-7-de-febrero-2026-madrid_\/","name":"Curso Chiptuning ESPA\u00d1A - 6 y 7 de Febrero - MADRID -","isPartOf":{"@id":"https:\/\/old.reprorace.com\/#website"},"primaryImageOfPage":{"@id":"https:\/\/old.reprorace.com\/de\/producto\/espana-6-y-7-de-febrero-2026-madrid_\/#primaryimage"},"image":{"@id":"https:\/\/old.reprorace.com\/de\/producto\/espana-6-y-7-de-febrero-2026-madrid_\/#primaryimage"},"thumbnailUrl":"https:\/\/old.reprorace.com\/wp-content\/uploads\/2023\/04\/espana.jpg","datePublished":"2024-05-28T09:05:34+00:00","dateModified":"2026-02-03T22:23:34+00:00","description":"Descubre todos los secretos del chiptuning en un curso sin precedentes. Aprende a modificar tus propias unidades de motor de la mano de ReproRACE","breadcrumb":{"@id":"https:\/\/old.reprorace.com\/de\/producto\/espana-6-y-7-de-febrero-2026-madrid_\/#breadcrumb"},"inLanguage":"de","potentialAction":[{"@type":"ReadAction","target":["https:\/\/old.reprorace.com\/de\/producto\/espana-6-y-7-de-febrero-2026-madrid_\/"]}]},{"@type":"ImageObject","inLanguage":"de","@id":"https:\/\/old.reprorace.com\/de\/producto\/espana-6-y-7-de-febrero-2026-madrid_\/#primaryimage","url":"https:\/\/old.reprorace.com\/wp-content\/uploads\/2023\/04\/espana.jpg","contentUrl":"https:\/\/old.reprorace.com\/wp-content\/uploads\/2023\/04\/espana.jpg","width":1464,"height":1152},{"@type":"BreadcrumbList","@id":"https:\/\/old.reprorace.com\/de\/producto\/espana-6-y-7-de-febrero-2026-madrid_\/#breadcrumb","itemListElement":[{"@type":"ListItem","position":1,"name":"Portada","item":"https:\/\/old.reprorace.com\/de\/heim\/"},{"@type":"ListItem","position":2,"name":"Tienda Reprorace","item":"https:\/\/old.reprorace.com\/home-2\/"},{"@type":"ListItem","position":3,"name":"ESPA\u00d1A &#8211; 6 y 7 de Febrero &#8211; MADRID"}]},{"@type":"WebSite","@id":"https:\/\/old.reprorace.com\/#website","url":"https:\/\/old.reprorace.com\/","name":"Tienda ReproRACE","description":"Todo lo necesario para reprogramar veh\u00edculos en tu taller mec\u00e1nico","publisher":{"@id":"https:\/\/old.reprorace.com\/#organization"},"potentialAction":[{"@type":"SearchAction","target":{"@type":"EntryPoint","urlTemplate":"https:\/\/old.reprorace.com\/?s={search_term_string}"},"query-input":{"@type":"PropertyValueSpecification","valueRequired":true,"valueName":"search_term_string"}}],"inLanguage":"de"},{"@type":"Organization","@id":"https:\/\/old.reprorace.com\/#organization","name":"Tienda ReproRACE","url":"https:\/\/old.reprorace.com\/","logo":{"@type":"ImageObject","inLanguage":"de","@id":"https:\/\/old.reprorace.com\/#\/schema\/logo\/image\/","url":"https:\/\/old.reprorace.com\/wp-content\/uploads\/2023\/04\/cropped-logo_vector_-e1681820515513.png","contentUrl":"https:\/\/old.reprorace.com\/wp-content\/uploads\/2023\/04\/cropped-logo_vector_-e1681820515513.png","width":448,"height":128,"caption":"Tienda ReproRACE"},"image":{"@id":"https:\/\/old.reprorace.com\/#\/schema\/logo\/image\/"}}]}},"_links":{"self":[{"href":"https:\/\/old.reprorace.com\/de\/wp-json\/wp\/v2\/product\/117888","targetHints":{"allow":["GET"]}}],"collection":[{"href":"https:\/\/old.reprorace.com\/de\/wp-json\/wp\/v2\/product"}],"about":[{"href":"https:\/\/old.reprorace.com\/de\/wp-json\/wp\/v2\/types\/product"}],"version-history":[{"count":1,"href":"https:\/\/old.reprorace.com\/de\/wp-json\/wp\/v2\/product\/117888\/revisions"}],"predecessor-version":[{"id":117916,"href":"https:\/\/old.reprorace.com\/de\/wp-json\/wp\/v2\/product\/117888\/revisions\/117916"}],"wp:featuredmedia":[{"embeddable":true,"href":"https:\/\/old.reprorace.com\/de\/wp-json\/wp\/v2\/media\/117889"}],"wp:attachment":[{"href":"https:\/\/old.reprorace.com\/de\/wp-json\/wp\/v2\/media?parent=117888"}],"wp:term":[{"taxonomy":"product_brand","embeddable":true,"href":"https:\/\/old.reprorace.com\/de\/wp-json\/wp\/v2\/product_brand?post=117888"},{"taxonomy":"product_cat","embeddable":true,"href":"https:\/\/old.reprorace.com\/de\/wp-json\/wp\/v2\/product_cat?post=117888"},{"taxonomy":"product_tag","embeddable":true,"href":"https:\/\/old.reprorace.com\/de\/wp-json\/wp\/v2\/product_tag?post=117888"}],"curies":[{"name":"wp","href":"https:\/\/api.w.org\/{rel}","templated":true}]}}