{"id":112571,"date":"2022-12-05T10:08:22","date_gmt":"2022-12-05T10:08:22","guid":{"rendered":"https:\/\/reprorace.com\/shop\/changement-de-master\/"},"modified":"2025-08-14T14:18:16","modified_gmt":"2025-08-14T14:18:16","slug":"changement-de-master","status":"publish","type":"page","link":"https:\/\/old.reprorace.com\/fr\/changement-de-master\/","title":{"rendered":"Changement de Master"},"content":{"rendered":"\t\t<div data-elementor-type=\"wp-page\" data-elementor-id=\"112571\" class=\"elementor elementor-112571 elementor-2201\" data-elementor-post-type=\"page\">\n\t\t\t\t\t\t<section class=\"elementor-section elementor-top-section elementor-element elementor-element-109c9a7e elementor-section-content-middle elementor-section-boxed elementor-section-height-default elementor-section-height-default\" data-id=\"109c9a7e\" data-element_type=\"section\">\n\t\t\t\t\t\t<div class=\"elementor-container elementor-column-gap-no\">\n\t\t\t\t\t<div class=\"elementor-column elementor-col-100 elementor-top-column elementor-element elementor-element-1849ae48\" data-id=\"1849ae48\" data-element_type=\"column\">\n\t\t\t<div class=\"elementor-widget-wrap elementor-element-populated\">\n\t\t\t\t\t\t<div class=\"elementor-element elementor-element-426a3fdf elementor-widget elementor-widget-heading\" data-id=\"426a3fdf\" data-element_type=\"widget\" data-widget_type=\"heading.default\">\n\t\t\t\t<div class=\"elementor-widget-container\">\n\t\t\t\t\t<h4 class=\"elementor-heading-title elementor-size-default\">Qu\u2019est-ce que cela signifie de changer de dipl\u00f4me de master ?<\/h4>\t\t\t\t<\/div>\n\t\t\t\t<\/div>\n\t\t\t\t<div class=\"elementor-element elementor-element-308e4ab7 elementor-widget elementor-widget-text-editor\" data-id=\"308e4ab7\" data-element_type=\"widget\" data-widget_type=\"text-editor.default\">\n\t\t\t\t<div class=\"elementor-widget-container\">\n\t\t\t\t\t\t\t\t\t<p>Si vous disposez actuellement de mat\u00e9riel de programmation de l\u2019un des principaux fabricants,<strong> Alientech, Autotuner ou MagicMotorsport<\/strong> en version esclave et que vous \u00eates li\u00e9 \u00e0 une autre soci\u00e9t\u00e9 avec laquelle vous n\u2019\u00eates pas satisfait du service, vous pouvez lier votre outil \u00e0 ReproRACE. A partir du moment o\u00f9 votre outil est li\u00e9 \u00e0 notre soci\u00e9t\u00e9, vous pourrez acc\u00e9der \u00e0 l\u2019ensemble de nos services. <\/p><p>Pour ce faire, vous ne devez pas avoir de dettes aupr\u00e8s de votre master actuel, qui doit autoriser le changement. En remplissant le formulaire ci-dessous, nous pouvons vous aider dans le processus. <\/p>\t\t\t\t\t\t\t\t<\/div>\n\t\t\t\t<\/div>\n\t\t\t\t\t<\/div>\n\t\t<\/div>\n\t\t\t\t\t<\/div>\n\t\t<\/section>\n\t\t\t\t<section class=\"elementor-section elementor-top-section elementor-element elementor-element-69fa9c40 elementor-section-content-middle elementor-section-boxed elementor-section-height-default elementor-section-height-default\" data-id=\"69fa9c40\" data-element_type=\"section\">\n\t\t\t\t\t\t<div class=\"elementor-container elementor-column-gap-no\">\n\t\t\t\t\t<div class=\"elementor-column elementor-col-100 elementor-top-column elementor-element elementor-element-18e82a6e\" data-id=\"18e82a6e\" data-element_type=\"column\">\n\t\t\t<div class=\"elementor-widget-wrap elementor-element-populated\">\n\t\t\t\t\t\t<div class=\"elementor-element elementor-element-51a079e3 elementor-widget elementor-widget-heading\" data-id=\"51a079e3\" data-element_type=\"widget\" data-widget_type=\"heading.default\">\n\t\t\t\t<div class=\"elementor-widget-container\">\n\t\t\t\t\t<h4 class=\"elementor-heading-title elementor-size-default\">Passer de Master \u00e0 ReproRACE<\/h4>\t\t\t\t<\/div>\n\t\t\t\t<\/div>\n\t\t\t\t<div class=\"elementor-element elementor-element-87fdfc5 elementor-button-align-center elementor-mobile-button-align-center elementor-widget elementor-widget-form\" data-id=\"87fdfc5\" data-element_type=\"widget\" data-settings=\"{&quot;step_next_label&quot;:&quot;Suivant&quot;,&quot;step_previous_label&quot;:&quot;Pr\\u00e9c\\u00e9dent&quot;,&quot;button_width&quot;:&quot;100&quot;,&quot;step_type&quot;:&quot;number_text&quot;,&quot;step_icon_shape&quot;:&quot;circle&quot;}\" data-widget_type=\"form.default\">\n\t\t\t\t<div class=\"elementor-widget-container\">\n\t\t\t\t\t\t\t<form class=\"elementor-form\" method=\"post\" id=\"cambio_de_master\" name=\"Changement de Master\" aria-label=\"Changement de Master\">\n\t\t\t<input type=\"hidden\" name=\"post_id\" value=\"112571\"\/>\n\t\t\t<input type=\"hidden\" name=\"form_id\" value=\"87fdfc5\"\/>\n\t\t\t<input type=\"hidden\" name=\"referer_title\" value=\"Changement de Master - Tienda ReproRACE\" \/>\n\n\t\t\t\t\t\t\t<input type=\"hidden\" name=\"queried_id\" value=\"112571\"\/>\n\t\t\t\n\t\t\t<div class=\"elementor-form-fields-wrapper elementor-labels-above\">\n\t\t\t\t\t\t\t\t<div class=\"elementor-field-type-text elementor-field-group elementor-column elementor-field-group-email elementor-col-50 elementor-field-required elementor-mark-required\">\n\t\t\t\t\t\t\t\t\t\t\t\t<label for=\"form-field-email\" class=\"elementor-field-label\">\n\t\t\t\t\t\t\t\tNom\t\t\t\t\t\t\t<\/label>\n\t\t\t\t\t\t\t\t\t\t\t\t\t\t<input size=\"1\" type=\"text\" name=\"form_fields[email]\" id=\"form-field-email\" class=\"elementor-field elementor-size-sm  elementor-field-textual\" required=\"required\">\n\t\t\t\t\t\t\t\t\t\t\t<\/div>\n\t\t\t\t\t\t\t\t<div class=\"elementor-field-type-text elementor-field-group elementor-column elementor-field-group-04fbb9f elementor-col-50 elementor-field-required elementor-mark-required\">\n\t\t\t\t\t\t\t\t\t\t\t\t<label for=\"form-field-04fbb9f\" class=\"elementor-field-label\">\n\t\t\t\t\t\t\t\tNom de famille\t\t\t\t\t\t\t<\/label>\n\t\t\t\t\t\t\t\t\t\t\t\t\t\t<input size=\"1\" type=\"text\" name=\"form_fields[04fbb9f]\" id=\"form-field-04fbb9f\" class=\"elementor-field elementor-size-sm  elementor-field-textual\" required=\"required\">\n\t\t\t\t\t\t\t\t\t\t\t<\/div>\n\t\t\t\t\t\t\t\t<div class=\"elementor-field-type-text elementor-field-group elementor-column elementor-field-group-field_b9de2b4 elementor-col-50\">\n\t\t\t\t\t\t\t\t\t\t\t\t<label for=\"form-field-field_b9de2b4\" class=\"elementor-field-label\">\n\t\t\t\t\t\t\t\tNom de votre atelier\t\t\t\t\t\t\t<\/label>\n\t\t\t\t\t\t\t\t\t\t\t\t\t\t<input size=\"1\" type=\"text\" name=\"form_fields[field_b9de2b4]\" id=\"form-field-field_b9de2b4\" class=\"elementor-field elementor-size-sm  elementor-field-textual\">\n\t\t\t\t\t\t\t\t\t\t\t<\/div>\n\t\t\t\t\t\t\t\t<div class=\"elementor-field-type-text elementor-field-group elementor-column elementor-field-group-field_1f0a7a4 elementor-col-50 elementor-field-required elementor-mark-required\">\n\t\t\t\t\t\t\t\t\t\t\t\t<label for=\"form-field-field_1f0a7a4\" class=\"elementor-field-label\">\n\t\t\t\t\t\t\t\tVille et pays\t\t\t\t\t\t\t<\/label>\n\t\t\t\t\t\t\t\t\t\t\t\t\t\t<input size=\"1\" type=\"text\" name=\"form_fields[field_1f0a7a4]\" id=\"form-field-field_1f0a7a4\" class=\"elementor-field elementor-size-sm  elementor-field-textual\" required=\"required\">\n\t\t\t\t\t\t\t\t\t\t\t<\/div>\n\t\t\t\t\t\t\t\t<div class=\"elementor-field-type-text elementor-field-group elementor-column elementor-field-group-name elementor-col-50 elementor-field-required elementor-mark-required\">\n\t\t\t\t\t\t\t\t\t\t\t\t<label for=\"form-field-name\" class=\"elementor-field-label\">\n\t\t\t\t\t\t\t\tCourriel de contact\t\t\t\t\t\t\t<\/label>\n\t\t\t\t\t\t\t\t\t\t\t\t\t\t<input size=\"1\" type=\"text\" name=\"form_fields[name]\" id=\"form-field-name\" class=\"elementor-field elementor-size-sm  elementor-field-textual\" required=\"required\">\n\t\t\t\t\t\t\t\t\t\t\t<\/div>\n\t\t\t\t\t\t\t\t<div class=\"elementor-field-type-select elementor-field-group elementor-column elementor-field-group-field_ac602d6 elementor-col-50 elementor-field-required elementor-mark-required\">\n\t\t\t\t\t\t\t\t\t\t\t\t<label for=\"form-field-field_ac602d6\" class=\"elementor-field-label\">\n\t\t\t\t\t\t\t\tLeur outil est :\t\t\t\t\t\t\t<\/label>\n\t\t\t\t\t\t\t\t<div class=\"elementor-field elementor-select-wrapper remove-before \">\n\t\t\t<div class=\"select-caret-down-wrapper\">\n\t\t\t\t<svg aria-hidden=\"true\" class=\"e-font-icon-svg e-eicon-caret-down\" viewBox=\"0 0 571.4 571.4\" xmlns=\"http:\/\/www.w3.org\/2000\/svg\"><path d=\"M571 393Q571 407 561 418L311 668Q300 679 286 679T261 668L11 418Q0 407 0 393T11 368 36 357H536Q550 357 561 368T571 393Z\"><\/path><\/svg>\t\t\t<\/div>\n\t\t\t<select name=\"form_fields[field_ac602d6]\" id=\"form-field-field_ac602d6\" class=\"elementor-field-textual elementor-size-sm\" required=\"required\">\n\t\t\t\t\t\t\t\t\t<option value=\"Alientech KESS3\">Alientech KESS3<\/option>\n\t\t\t\t\t\t\t\t\t<option value=\"Alientech KessV2\">Alientech KessV2<\/option>\n\t\t\t\t\t\t\t\t\t<option value=\"Alientech Ktag\">Alientech Ktag<\/option>\n\t\t\t\t\t\t\t\t\t<option value=\"Autotuner\">Autotuner<\/option>\n\t\t\t\t\t\t\t\t\t<option value=\"FLEX MagicMotorsport\">FLEX MagicMotorsport<\/option>\n\t\t\t\t\t\t\t\t\t<option value=\"\"><\/option>\n\t\t\t\t\t\t\t\t\t<option value=\"\"><\/option>\n\t\t\t\t\t\t\t\t\t<option value=\"\"><\/option>\n\t\t\t\t\t\t\t<\/select>\n\t\t<\/div>\n\t\t\t\t\t\t<\/div>\n\t\t\t\t\t\t\t\t<div class=\"elementor-field-type-text elementor-field-group elementor-column elementor-field-group-field_dc33716 elementor-col-50 elementor-field-required elementor-mark-required\">\n\t\t\t\t\t\t\t\t\t\t\t\t<label for=\"form-field-field_dc33716\" class=\"elementor-field-label\">\n\t\t\t\t\t\t\t\tNum\u00e9ro de s\u00e9rie de votre outil\t\t\t\t\t\t\t<\/label>\n\t\t\t\t\t\t\t\t\t\t\t\t\t\t<input size=\"1\" type=\"text\" name=\"form_fields[field_dc33716]\" id=\"form-field-field_dc33716\" class=\"elementor-field elementor-size-sm  elementor-field-textual\" required=\"required\">\n\t\t\t\t\t\t\t\t\t\t\t<\/div>\n\t\t\t\t\t\t\t\t<div class=\"elementor-field-type-text elementor-field-group elementor-column elementor-field-group-field_9ed977d elementor-col-50 elementor-field-required elementor-mark-required\">\n\t\t\t\t\t\t\t\t\t\t\t\t<label for=\"form-field-field_9ed977d\" class=\"elementor-field-label\">\n\t\t\t\t\t\t\t\tVotre master actuel\t\t\t\t\t\t\t<\/label>\n\t\t\t\t\t\t\t\t\t\t\t\t\t\t<input size=\"1\" type=\"text\" name=\"form_fields[field_9ed977d]\" id=\"form-field-field_9ed977d\" class=\"elementor-field elementor-size-sm  elementor-field-textual\" required=\"required\">\n\t\t\t\t\t\t\t\t\t\t\t<\/div>\n\t\t\t\t\t\t\t\t<div class=\"elementor-field-type-textarea elementor-field-group elementor-column elementor-field-group-field_86bda98 elementor-col-100\">\n\t\t\t\t\t\t\t\t\t\t\t\t<label for=\"form-field-field_86bda98\" class=\"elementor-field-label\">\n\t\t\t\t\t\t\t\tPr\u00e9cisions ou observations :\t\t\t\t\t\t\t<\/label>\n\t\t\t\t\t\t<textarea class=\"elementor-field-textual elementor-field  elementor-size-sm\" name=\"form_fields[field_86bda98]\" id=\"form-field-field_86bda98\" rows=\"4\"><\/textarea>\t\t\t\t<\/div>\n\t\t\t\t\t\t\t\t<div class=\"elementor-field-type-acceptance elementor-field-group elementor-column elementor-field-group-field_f18508a elementor-col-100 elementor-field-required elementor-mark-required\">\n\t\t\t\t\t\t\t<div class=\"elementor-field-subgroup\">\n\t\t\t<span class=\"elementor-field-option\">\n\t\t\t\t<input type=\"checkbox\" name=\"form_fields[field_f18508a]\" id=\"form-field-field_f18508a\" class=\"elementor-field elementor-size-sm  elementor-acceptance-field\" required=\"required\">\n\t\t\t\t<label for=\"form-field-field_f18508a\">Je d\u00e9clare que je souhaite changer la gestion de mon outil pour Reprorace.com, je d\u00e9clare \u00e9galement qu\u2019il n\u2019y a pas de dette impay\u00e9e sur mon master actuel, m\u2019engageant dans ce cas \u00e0 effectuer le paiement des dettes impay\u00e9es avec celui-ci avant d\u2019effectuer le changement.<\/label>\t\t\t<\/span>\n\t\t<\/div>\n\t\t\t\t\t\t<\/div>\n\t\t\t\t\t\t\t\t<div class=\"elementor-field-group elementor-column elementor-field-type-submit elementor-col-100 e-form__buttons\">\n\t\t\t\t\t<button class=\"elementor-button elementor-size-md\" type=\"submit\">\n\t\t\t\t\t\t<span class=\"elementor-button-content-wrapper\">\n\t\t\t\t\t\t\t\t\t\t\t\t\t\t\t\t\t\t\t\t\t\t<span class=\"elementor-button-text\">Demande de changement de master \u00e0 r\u00e9prorace<\/span>\n\t\t\t\t\t\t\t\t\t\t\t\t\t<\/span>\n\t\t\t\t\t<\/button>\n\t\t\t\t<\/div>\n\t\t\t<\/div>\n\t\t<\/form>\n\t\t\t\t\t\t<\/div>\n\t\t\t\t<\/div>\n\t\t\t\t\t<\/div>\n\t\t<\/div>\n\t\t\t\t\t<\/div>\n\t\t<\/section>\n\t\t\t\t<\/div>\n\t\t","protected":false},"excerpt":{"rendered":"<p>Qu\u2019est-ce que cela signifie de changer de dipl\u00f4me de master ? Si vous disposez actuellement de mat\u00e9riel de programmation de l\u2019un des principaux fabricants, Alientech, Autotuner ou MagicMotorsport en version esclave et que vous \u00eates li\u00e9 \u00e0 une autre soci\u00e9t\u00e9 avec laquelle vous n\u2019\u00eates pas satisfait du service, vous pouvez lier votre outil \u00e0 ReproRACE. [&hellip;]<\/p>\n","protected":false},"author":1,"featured_media":0,"parent":0,"menu_order":0,"comment_status":"closed","ping_status":"closed","template":"","meta":{"inline_featured_image":false,"footnotes":""},"class_list":["post-112571","page","type-page","status-publish","hentry"],"yoast_head":"<!-- This site is optimized with the Yoast SEO plugin v26.3 - https:\/\/yoast.com\/wordpress\/plugins\/seo\/ -->\n<title>Changement de Master - Tienda ReproRACE<\/title>\n<meta name=\"robots\" content=\"index, follow, max-snippet:-1, max-image-preview:large, max-video-preview:-1\" \/>\n<link rel=\"canonical\" href=\"https:\/\/old.reprorace.com\/fr\/changement-de-master\/\" \/>\n<meta property=\"og:locale\" content=\"fr_FR\" \/>\n<meta property=\"og:type\" content=\"article\" \/>\n<meta property=\"og:title\" content=\"Changement de Master - Tienda ReproRACE\" \/>\n<meta property=\"og:description\" content=\"Qu\u2019est-ce que cela signifie de changer de dipl\u00f4me de master ? Si vous disposez actuellement de mat\u00e9riel de programmation de l\u2019un des principaux fabricants, Alientech, Autotuner ou MagicMotorsport en version esclave et que vous \u00eates li\u00e9 \u00e0 une autre soci\u00e9t\u00e9 avec laquelle vous n\u2019\u00eates pas satisfait du service, vous pouvez lier votre outil \u00e0 ReproRACE. [&hellip;]\" \/>\n<meta property=\"og:url\" content=\"https:\/\/old.reprorace.com\/fr\/changement-de-master\/\" \/>\n<meta property=\"og:site_name\" content=\"Tienda ReproRACE\" \/>\n<meta property=\"article:modified_time\" content=\"2025-08-14T14:18:16+00:00\" \/>\n<meta name=\"twitter:card\" content=\"summary_large_image\" \/>\n<meta name=\"twitter:label1\" content=\"Dur\u00e9e de lecture estim\u00e9e\" \/>\n\t<meta name=\"twitter:data1\" content=\"1 minute\" \/>\n<script type=\"application\/ld+json\" class=\"yoast-schema-graph\">{\"@context\":\"https:\/\/schema.org\",\"@graph\":[{\"@type\":\"WebPage\",\"@id\":\"https:\/\/old.reprorace.com\/fr\/changement-de-master\/\",\"url\":\"https:\/\/old.reprorace.com\/fr\/changement-de-master\/\",\"name\":\"Changement de Master - Tienda ReproRACE\",\"isPartOf\":{\"@id\":\"https:\/\/old.reprorace.com\/#website\"},\"datePublished\":\"2022-12-05T10:08:22+00:00\",\"dateModified\":\"2025-08-14T14:18:16+00:00\",\"breadcrumb\":{\"@id\":\"https:\/\/old.reprorace.com\/fr\/changement-de-master\/#breadcrumb\"},\"inLanguage\":\"fr-FR\",\"potentialAction\":[{\"@type\":\"ReadAction\",\"target\":[\"https:\/\/old.reprorace.com\/fr\/changement-de-master\/\"]}]},{\"@type\":\"BreadcrumbList\",\"@id\":\"https:\/\/old.reprorace.com\/fr\/changement-de-master\/#breadcrumb\",\"itemListElement\":[{\"@type\":\"ListItem\",\"position\":1,\"name\":\"Portada\",\"item\":\"https:\/\/old.reprorace.com\/fr\/domicile\/\"},{\"@type\":\"ListItem\",\"position\":2,\"name\":\"Changement de Master\"}]},{\"@type\":\"WebSite\",\"@id\":\"https:\/\/old.reprorace.com\/#website\",\"url\":\"https:\/\/old.reprorace.com\/\",\"name\":\"Tienda ReproRACE\",\"description\":\"Todo lo necesario para reprogramar veh\u00edculos en tu taller mec\u00e1nico\",\"publisher\":{\"@id\":\"https:\/\/old.reprorace.com\/#organization\"},\"potentialAction\":[{\"@type\":\"SearchAction\",\"target\":{\"@type\":\"EntryPoint\",\"urlTemplate\":\"https:\/\/old.reprorace.com\/?s={search_term_string}\"},\"query-input\":{\"@type\":\"PropertyValueSpecification\",\"valueRequired\":true,\"valueName\":\"search_term_string\"}}],\"inLanguage\":\"fr-FR\"},{\"@type\":\"Organization\",\"@id\":\"https:\/\/old.reprorace.com\/#organization\",\"name\":\"Tienda ReproRACE\",\"url\":\"https:\/\/old.reprorace.com\/\",\"logo\":{\"@type\":\"ImageObject\",\"inLanguage\":\"fr-FR\",\"@id\":\"https:\/\/old.reprorace.com\/#\/schema\/logo\/image\/\",\"url\":\"https:\/\/old.reprorace.com\/wp-content\/uploads\/2023\/04\/cropped-logo_vector_-e1681820515513.png\",\"contentUrl\":\"https:\/\/old.reprorace.com\/wp-content\/uploads\/2023\/04\/cropped-logo_vector_-e1681820515513.png\",\"width\":448,\"height\":128,\"caption\":\"Tienda ReproRACE\"},\"image\":{\"@id\":\"https:\/\/old.reprorace.com\/#\/schema\/logo\/image\/\"}}]}<\/script>\n<!-- \/ Yoast SEO plugin. -->","yoast_head_json":{"title":"Changement de Master - Tienda ReproRACE","robots":{"index":"index","follow":"follow","max-snippet":"max-snippet:-1","max-image-preview":"max-image-preview:large","max-video-preview":"max-video-preview:-1"},"canonical":"https:\/\/old.reprorace.com\/fr\/changement-de-master\/","og_locale":"fr_FR","og_type":"article","og_title":"Changement de Master - Tienda ReproRACE","og_description":"Qu\u2019est-ce que cela signifie de changer de dipl\u00f4me de master ? Si vous disposez actuellement de mat\u00e9riel de programmation de l\u2019un des principaux fabricants, Alientech, Autotuner ou MagicMotorsport en version esclave et que vous \u00eates li\u00e9 \u00e0 une autre soci\u00e9t\u00e9 avec laquelle vous n\u2019\u00eates pas satisfait du service, vous pouvez lier votre outil \u00e0 ReproRACE. [&hellip;]","og_url":"https:\/\/old.reprorace.com\/fr\/changement-de-master\/","og_site_name":"Tienda ReproRACE","article_modified_time":"2025-08-14T14:18:16+00:00","twitter_card":"summary_large_image","twitter_misc":{"Dur\u00e9e de lecture estim\u00e9e":"1 minute"},"schema":{"@context":"https:\/\/schema.org","@graph":[{"@type":"WebPage","@id":"https:\/\/old.reprorace.com\/fr\/changement-de-master\/","url":"https:\/\/old.reprorace.com\/fr\/changement-de-master\/","name":"Changement de Master - Tienda ReproRACE","isPartOf":{"@id":"https:\/\/old.reprorace.com\/#website"},"datePublished":"2022-12-05T10:08:22+00:00","dateModified":"2025-08-14T14:18:16+00:00","breadcrumb":{"@id":"https:\/\/old.reprorace.com\/fr\/changement-de-master\/#breadcrumb"},"inLanguage":"fr-FR","potentialAction":[{"@type":"ReadAction","target":["https:\/\/old.reprorace.com\/fr\/changement-de-master\/"]}]},{"@type":"BreadcrumbList","@id":"https:\/\/old.reprorace.com\/fr\/changement-de-master\/#breadcrumb","itemListElement":[{"@type":"ListItem","position":1,"name":"Portada","item":"https:\/\/old.reprorace.com\/fr\/domicile\/"},{"@type":"ListItem","position":2,"name":"Changement de Master"}]},{"@type":"WebSite","@id":"https:\/\/old.reprorace.com\/#website","url":"https:\/\/old.reprorace.com\/","name":"Tienda ReproRACE","description":"Todo lo necesario para reprogramar veh\u00edculos en tu taller mec\u00e1nico","publisher":{"@id":"https:\/\/old.reprorace.com\/#organization"},"potentialAction":[{"@type":"SearchAction","target":{"@type":"EntryPoint","urlTemplate":"https:\/\/old.reprorace.com\/?s={search_term_string}"},"query-input":{"@type":"PropertyValueSpecification","valueRequired":true,"valueName":"search_term_string"}}],"inLanguage":"fr-FR"},{"@type":"Organization","@id":"https:\/\/old.reprorace.com\/#organization","name":"Tienda ReproRACE","url":"https:\/\/old.reprorace.com\/","logo":{"@type":"ImageObject","inLanguage":"fr-FR","@id":"https:\/\/old.reprorace.com\/#\/schema\/logo\/image\/","url":"https:\/\/old.reprorace.com\/wp-content\/uploads\/2023\/04\/cropped-logo_vector_-e1681820515513.png","contentUrl":"https:\/\/old.reprorace.com\/wp-content\/uploads\/2023\/04\/cropped-logo_vector_-e1681820515513.png","width":448,"height":128,"caption":"Tienda ReproRACE"},"image":{"@id":"https:\/\/old.reprorace.com\/#\/schema\/logo\/image\/"}}]}},"_links":{"self":[{"href":"https:\/\/old.reprorace.com\/fr\/wp-json\/wp\/v2\/pages\/112571","targetHints":{"allow":["GET"]}}],"collection":[{"href":"https:\/\/old.reprorace.com\/fr\/wp-json\/wp\/v2\/pages"}],"about":[{"href":"https:\/\/old.reprorace.com\/fr\/wp-json\/wp\/v2\/types\/page"}],"author":[{"embeddable":true,"href":"https:\/\/old.reprorace.com\/fr\/wp-json\/wp\/v2\/users\/1"}],"replies":[{"embeddable":true,"href":"https:\/\/old.reprorace.com\/fr\/wp-json\/wp\/v2\/comments?post=112571"}],"version-history":[{"count":0,"href":"https:\/\/old.reprorace.com\/fr\/wp-json\/wp\/v2\/pages\/112571\/revisions"}],"wp:attachment":[{"href":"https:\/\/old.reprorace.com\/fr\/wp-json\/wp\/v2\/media?parent=112571"}],"curies":[{"name":"wp","href":"https:\/\/api.w.org\/{rel}","templated":true}]}}