{"id":112861,"date":"2022-12-06T11:34:54","date_gmt":"2022-12-06T11:34:54","guid":{"rendered":"https:\/\/reprorace.com\/shop\/producto\/rpr-silicone-resine-et-solvant-adhesif\/"},"modified":"2025-08-14T18:03:17","modified_gmt":"2025-08-14T18:03:17","slug":"rpr-silicone-resine-et-solvant-adhesif","status":"publish","type":"product","link":"https:\/\/old.reprorace.com\/fr\/producto\/rpr-silicone-resine-et-solvant-adhesif\/","title":{"rendered":"RPR Silicone, r\u00e9sine et solvant adh\u00e9sif"},"content":{"rendered":"<p>RPR Silicone, r\u00e9sine et solvant adh\u00e9sif<\/p>\n","protected":false},"excerpt":{"rendered":"<p>La meilleure fa\u00e7on d\u2019enlever les silicones et les adh\u00e9sifs qui accompagnent les calculateurs usag\u00e9s est sans aucun doute notre solvant sp\u00e9cial, con\u00e7u pour ne pas endommager les composants \u00e9lectroniques, son utilisation est s\u00fbre, rapide et efficace<\/p>\n","protected":false},"featured_media":0,"template":"","meta":{"inline_featured_image":false},"product_brand":[],"product_cat":[7522],"product_tag":[],"class_list":{"0":"post-112861","1":"product","2":"type-product","3":"status-publish","5":"product_cat-accessoires-de-soudage-et-de-laboratoire","7":"first","8":"instock","9":"taxable","10":"shipping-taxable","11":"purchasable","12":"product-type-simple"},"yoast_head":"<!-- This site is optimized with the Yoast SEO plugin v26.3 - https:\/\/yoast.com\/wordpress\/plugins\/seo\/ -->\n<title>RPR Silicone, r\u00e9sine et solvant adh\u00e9sif - Tienda ReproRACE<\/title>\n<meta name=\"robots\" content=\"index, follow, max-snippet:-1, max-image-preview:large, max-video-preview:-1\" \/>\n<link rel=\"canonical\" href=\"https:\/\/old.reprorace.com\/fr\/producto\/rpr-silicone-resine-et-solvant-adhesif\/\" \/>\n<meta property=\"og:locale\" content=\"fr_FR\" \/>\n<meta property=\"og:type\" content=\"article\" \/>\n<meta property=\"og:title\" content=\"RPR Silicone, r\u00e9sine et solvant adh\u00e9sif - Tienda ReproRACE\" \/>\n<meta property=\"og:description\" content=\"La meilleure fa\u00e7on d\u2019enlever les silicones et les adh\u00e9sifs qui accompagnent les calculateurs usag\u00e9s est sans aucun doute notre solvant sp\u00e9cial, con\u00e7u pour ne pas endommager les composants \u00e9lectroniques, son utilisation est s\u00fbre, rapide et efficace\" \/>\n<meta property=\"og:url\" content=\"https:\/\/old.reprorace.com\/fr\/producto\/rpr-silicone-resine-et-solvant-adhesif\/\" \/>\n<meta property=\"og:site_name\" content=\"Tienda ReproRACE\" \/>\n<meta property=\"article:modified_time\" content=\"2025-08-14T18:03:17+00:00\" \/>\n<meta name=\"twitter:card\" content=\"summary_large_image\" \/>\n<script type=\"application\/ld+json\" class=\"yoast-schema-graph\">{\"@context\":\"https:\/\/schema.org\",\"@graph\":[{\"@type\":\"WebPage\",\"@id\":\"https:\/\/old.reprorace.com\/fr\/producto\/rpr-silicone-resine-et-solvant-adhesif\/\",\"url\":\"https:\/\/old.reprorace.com\/fr\/producto\/rpr-silicone-resine-et-solvant-adhesif\/\",\"name\":\"RPR Silicone, r\u00e9sine et solvant adh\u00e9sif - Tienda ReproRACE\",\"isPartOf\":{\"@id\":\"https:\/\/old.reprorace.com\/#website\"},\"datePublished\":\"2022-12-06T11:34:54+00:00\",\"dateModified\":\"2025-08-14T18:03:17+00:00\",\"breadcrumb\":{\"@id\":\"https:\/\/old.reprorace.com\/fr\/producto\/rpr-silicone-resine-et-solvant-adhesif\/#breadcrumb\"},\"inLanguage\":\"fr-FR\",\"potentialAction\":[{\"@type\":\"ReadAction\",\"target\":[\"https:\/\/old.reprorace.com\/fr\/producto\/rpr-silicone-resine-et-solvant-adhesif\/\"]}]},{\"@type\":\"BreadcrumbList\",\"@id\":\"https:\/\/old.reprorace.com\/fr\/producto\/rpr-silicone-resine-et-solvant-adhesif\/#breadcrumb\",\"itemListElement\":[{\"@type\":\"ListItem\",\"position\":1,\"name\":\"Portada\",\"item\":\"https:\/\/old.reprorace.com\/fr\/domicile\/\"},{\"@type\":\"ListItem\",\"position\":2,\"name\":\"Tienda Reprorace\",\"item\":\"https:\/\/old.reprorace.com\/home-2\/\"},{\"@type\":\"ListItem\",\"position\":3,\"name\":\"RPR Silicone, r\u00e9sine et solvant adh\u00e9sif\"}]},{\"@type\":\"WebSite\",\"@id\":\"https:\/\/old.reprorace.com\/#website\",\"url\":\"https:\/\/old.reprorace.com\/\",\"name\":\"Tienda ReproRACE\",\"description\":\"Todo lo necesario para reprogramar veh\u00edculos en tu taller mec\u00e1nico\",\"publisher\":{\"@id\":\"https:\/\/old.reprorace.com\/#organization\"},\"potentialAction\":[{\"@type\":\"SearchAction\",\"target\":{\"@type\":\"EntryPoint\",\"urlTemplate\":\"https:\/\/old.reprorace.com\/?s={search_term_string}\"},\"query-input\":{\"@type\":\"PropertyValueSpecification\",\"valueRequired\":true,\"valueName\":\"search_term_string\"}}],\"inLanguage\":\"fr-FR\"},{\"@type\":\"Organization\",\"@id\":\"https:\/\/old.reprorace.com\/#organization\",\"name\":\"Tienda ReproRACE\",\"url\":\"https:\/\/old.reprorace.com\/\",\"logo\":{\"@type\":\"ImageObject\",\"inLanguage\":\"fr-FR\",\"@id\":\"https:\/\/old.reprorace.com\/#\/schema\/logo\/image\/\",\"url\":\"https:\/\/old.reprorace.com\/wp-content\/uploads\/2023\/04\/cropped-logo_vector_-e1681820515513.png\",\"contentUrl\":\"https:\/\/old.reprorace.com\/wp-content\/uploads\/2023\/04\/cropped-logo_vector_-e1681820515513.png\",\"width\":448,\"height\":128,\"caption\":\"Tienda ReproRACE\"},\"image\":{\"@id\":\"https:\/\/old.reprorace.com\/#\/schema\/logo\/image\/\"}}]}<\/script>\n<!-- \/ Yoast SEO plugin. -->","yoast_head_json":{"title":"RPR Silicone, r\u00e9sine et solvant adh\u00e9sif - Tienda ReproRACE","robots":{"index":"index","follow":"follow","max-snippet":"max-snippet:-1","max-image-preview":"max-image-preview:large","max-video-preview":"max-video-preview:-1"},"canonical":"https:\/\/old.reprorace.com\/fr\/producto\/rpr-silicone-resine-et-solvant-adhesif\/","og_locale":"fr_FR","og_type":"article","og_title":"RPR Silicone, r\u00e9sine et solvant adh\u00e9sif - Tienda ReproRACE","og_description":"La meilleure fa\u00e7on d\u2019enlever les silicones et les adh\u00e9sifs qui accompagnent les calculateurs usag\u00e9s est sans aucun doute notre solvant sp\u00e9cial, con\u00e7u pour ne pas endommager les composants \u00e9lectroniques, son utilisation est s\u00fbre, rapide et efficace","og_url":"https:\/\/old.reprorace.com\/fr\/producto\/rpr-silicone-resine-et-solvant-adhesif\/","og_site_name":"Tienda ReproRACE","article_modified_time":"2025-08-14T18:03:17+00:00","twitter_card":"summary_large_image","schema":{"@context":"https:\/\/schema.org","@graph":[{"@type":"WebPage","@id":"https:\/\/old.reprorace.com\/fr\/producto\/rpr-silicone-resine-et-solvant-adhesif\/","url":"https:\/\/old.reprorace.com\/fr\/producto\/rpr-silicone-resine-et-solvant-adhesif\/","name":"RPR Silicone, r\u00e9sine et solvant adh\u00e9sif - Tienda ReproRACE","isPartOf":{"@id":"https:\/\/old.reprorace.com\/#website"},"datePublished":"2022-12-06T11:34:54+00:00","dateModified":"2025-08-14T18:03:17+00:00","breadcrumb":{"@id":"https:\/\/old.reprorace.com\/fr\/producto\/rpr-silicone-resine-et-solvant-adhesif\/#breadcrumb"},"inLanguage":"fr-FR","potentialAction":[{"@type":"ReadAction","target":["https:\/\/old.reprorace.com\/fr\/producto\/rpr-silicone-resine-et-solvant-adhesif\/"]}]},{"@type":"BreadcrumbList","@id":"https:\/\/old.reprorace.com\/fr\/producto\/rpr-silicone-resine-et-solvant-adhesif\/#breadcrumb","itemListElement":[{"@type":"ListItem","position":1,"name":"Portada","item":"https:\/\/old.reprorace.com\/fr\/domicile\/"},{"@type":"ListItem","position":2,"name":"Tienda Reprorace","item":"https:\/\/old.reprorace.com\/home-2\/"},{"@type":"ListItem","position":3,"name":"RPR Silicone, r\u00e9sine et solvant adh\u00e9sif"}]},{"@type":"WebSite","@id":"https:\/\/old.reprorace.com\/#website","url":"https:\/\/old.reprorace.com\/","name":"Tienda ReproRACE","description":"Todo lo necesario para reprogramar veh\u00edculos en tu taller mec\u00e1nico","publisher":{"@id":"https:\/\/old.reprorace.com\/#organization"},"potentialAction":[{"@type":"SearchAction","target":{"@type":"EntryPoint","urlTemplate":"https:\/\/old.reprorace.com\/?s={search_term_string}"},"query-input":{"@type":"PropertyValueSpecification","valueRequired":true,"valueName":"search_term_string"}}],"inLanguage":"fr-FR"},{"@type":"Organization","@id":"https:\/\/old.reprorace.com\/#organization","name":"Tienda ReproRACE","url":"https:\/\/old.reprorace.com\/","logo":{"@type":"ImageObject","inLanguage":"fr-FR","@id":"https:\/\/old.reprorace.com\/#\/schema\/logo\/image\/","url":"https:\/\/old.reprorace.com\/wp-content\/uploads\/2023\/04\/cropped-logo_vector_-e1681820515513.png","contentUrl":"https:\/\/old.reprorace.com\/wp-content\/uploads\/2023\/04\/cropped-logo_vector_-e1681820515513.png","width":448,"height":128,"caption":"Tienda ReproRACE"},"image":{"@id":"https:\/\/old.reprorace.com\/#\/schema\/logo\/image\/"}}]}},"_links":{"self":[{"href":"https:\/\/old.reprorace.com\/fr\/wp-json\/wp\/v2\/product\/112861","targetHints":{"allow":["GET"]}}],"collection":[{"href":"https:\/\/old.reprorace.com\/fr\/wp-json\/wp\/v2\/product"}],"about":[{"href":"https:\/\/old.reprorace.com\/fr\/wp-json\/wp\/v2\/types\/product"}],"version-history":[{"count":0,"href":"https:\/\/old.reprorace.com\/fr\/wp-json\/wp\/v2\/product\/112861\/revisions"}],"wp:attachment":[{"href":"https:\/\/old.reprorace.com\/fr\/wp-json\/wp\/v2\/media?parent=112861"}],"wp:term":[{"taxonomy":"product_brand","embeddable":true,"href":"https:\/\/old.reprorace.com\/fr\/wp-json\/wp\/v2\/product_brand?post=112861"},{"taxonomy":"product_cat","embeddable":true,"href":"https:\/\/old.reprorace.com\/fr\/wp-json\/wp\/v2\/product_cat?post=112861"},{"taxonomy":"product_tag","embeddable":true,"href":"https:\/\/old.reprorace.com\/fr\/wp-json\/wp\/v2\/product_tag?post=112861"}],"curies":[{"name":"wp","href":"https:\/\/api.w.org\/{rel}","templated":true}]}}