{"id":113025,"date":"2023-03-10T13:05:55","date_gmt":"2023-03-10T13:05:55","guid":{"rendered":"https:\/\/reprorace.com\/shop\/producto\/ecm-titanium-3-0-logiciel-complet-pour-le-chiptuning\/"},"modified":"2025-08-14T18:05:03","modified_gmt":"2025-08-14T18:05:03","slug":"ecm-titanium-3-0-logiciel-complet-pour-le-chiptuning","status":"publish","type":"product","link":"https:\/\/old.reprorace.com\/fr\/producto\/ecm-titanium-3-0-logiciel-complet-pour-le-chiptuning\/","title":{"rendered":"ECM Titanium 3.0 &#8211; Logiciel complet pour le chiptuning"},"content":{"rendered":"<p>En travaillant en visualisation 2D ou tabulaire, <strong>vous disposerez d\u2019outils efficaces pour la gestion des fichiers :<\/strong> alignements, d\u00e9filement et fonctions de copier\/coller am\u00e9lior\u00e9es vous permettront d\u2019optimiser l\u2019exp\u00e9rience de travail. Ce n\u2019est qu\u2019en comparant deux projets diff\u00e9rents <strong>qu\u2019il sera possible de r\u00e9pliquer les donn\u00e9es et les incr\u00e9ments d\u2019un fichier \u00e0 un autre, de mani\u00e8re s\u00e9lective et avec une fiabilit\u00e9 maximale.<\/strong> <\/p>\n<p>&nbsp;<\/p>\n<div class=\"elementor-element elementor-element-b3d4f94 elementor-widget elementor-widget-text-editor\" data-id=\"b3d4f94\" data-element_type=\"widget\" data-widget_type=\"text-editor.default\">\n<div class=\"elementor-widget-container\">\n<div class=\"elementor-text-editor elementor-clearfix\">\n<h3 style=\"text-align: center;\">QU\u2019OFFRE ECM TITANIUM 3.0 ?<\/h3>\n<p>&nbsp;<\/p>\n<\/div>\n<\/div>\n<\/div>\n<section class=\"elementor-section elementor-inner-section elementor-element elementor-element-4525108 elementor-section-boxed elementor-section-height-default elementor-section-height-default\" data-particle_enable=\"false\" data-particle-mobile-disabled=\"false\" data-id=\"4525108\" data-element_type=\"section\">\n<div class=\"elementor-container elementor-column-gap-default\">\n<div class=\"elementor-row\">\n<div class=\"elementor-column elementor-col-50 elementor-inner-column elementor-element elementor-element-26cc36d\" data-id=\"26cc36d\" data-element_type=\"column\">\n<div class=\"elementor-column-wrap elementor-element-populated\">\n<div class=\"elementor-widget-wrap\">\n<div class=\"elementor-element elementor-element-409e8a4 elementor-mobile-align-left elementor-icon-list--layout-traditional elementor-list-item-link-full_width elementor-widget elementor-widget-icon-list\" data-id=\"409e8a4\" data-element_type=\"widget\" data-widget_type=\"icon-list.default\">\n<div class=\"elementor-widget-container\">\n<ul>\n<li><span class=\"elementor-icon-list-text\">INTERFACE UTILISATEUR REMANI\u00c9E<\/span><\/li>\n<li><span class=\"elementor-icon-list-text\">POSSIBILIT\u00c9 DE TRAVAILLER AVEC UN PROJET DE COMPARAISON<\/span><\/li>\n<li><span class=\"elementor-icon-list-text\">NOUVELLES FONCTIONNALIT\u00c9S D\u2019AFFICHAGE 2D ET TABULAIRE<\/span><\/li>\n<\/ul>\n<\/div>\n<\/div>\n<\/div>\n<\/div>\n<\/div>\n<div class=\"elementor-column elementor-col-50 elementor-inner-column elementor-element elementor-element-9138f9e\" data-id=\"9138f9e\" data-element_type=\"column\">\n<div class=\"elementor-column-wrap elementor-element-populated\">\n<div class=\"elementor-widget-wrap\">\n<div class=\"elementor-element elementor-element-da44f81 elementor-mobile-align-left elementor-icon-list--layout-traditional elementor-list-item-link-full_width elementor-widget elementor-widget-icon-list\" data-id=\"da44f81\" data-element_type=\"widget\" data-widget_type=\"icon-list.default\">\n<div class=\"elementor-widget-container\">\n<ul>\n<li><span class=\"elementor-icon-list-text\">NOUVELLES FONCTIONNALIT\u00c9S DE COPIER\/COLLER 2D ET TABULAIRE<\/span><\/li>\n<li><span class=\"elementor-icon-list-text\">GESTION DE PROJET SUR MESURE<\/span><\/li>\n<li><span class=\"elementor-icon-list-text\">RECHERCHE AUTOMATIQUE DE CONTR\u00d4LEURS DE NOUVELLE G\u00c9N\u00c9RATION<\/span><\/li>\n<\/ul>\n<p>&nbsp;<\/p>\n<\/div>\n<\/div>\n<\/div>\n<\/div>\n<\/div>\n<\/div>\n<\/div>\n<\/section>\n<p><strong>Avec <span class=\"il\">ECM<\/span> <span class=\"il\">Titanium<\/span> 3.0, vos \u00e9talonnages seront encore plus rapides et pr\u00e9cis. Placez la barre plus haut en mati\u00e8re d\u2019intervention gr\u00e2ce \u00e0 une nouvelle norme de reprogrammation. <\/strong><\/p>\n","protected":false},"excerpt":{"rendered":"<p>Avec <span class=\"il\">ECM<\/span> <span class=\"il\">Titanium<\/span> 3.0, vos \u00e9talonnages seront encore plus rapides et pr\u00e9cis. Commencez \u00e0 modifier les fichiers du v\u00e9hicule de vos clients avec le programme le plus simple et le plus puissant du march\u00e9. <\/p>\n","protected":false},"featured_media":0,"template":"","meta":{"inline_featured_image":false},"product_brand":[],"product_cat":[7532],"product_tag":[],"class_list":{"0":"post-113025","1":"product","2":"type-product","3":"status-publish","5":"product_cat-emi-avec-titane-3","7":"first","8":"instock","9":"taxable","10":"shipping-taxable","11":"purchasable","12":"product-type-simple"},"yoast_head":"<!-- This site is optimized with the Yoast SEO plugin v26.3 - https:\/\/yoast.com\/wordpress\/plugins\/seo\/ -->\n<title>ECM Titanium 3.0 - Logiciel complet pour le chiptuning - Tienda ReproRACE<\/title>\n<meta name=\"robots\" content=\"index, follow, max-snippet:-1, max-image-preview:large, max-video-preview:-1\" \/>\n<link rel=\"canonical\" href=\"https:\/\/old.reprorace.com\/fr\/producto\/ecm-titanium-3-0-logiciel-complet-pour-le-chiptuning\/\" \/>\n<meta property=\"og:locale\" content=\"fr_FR\" \/>\n<meta property=\"og:type\" content=\"article\" \/>\n<meta property=\"og:title\" content=\"ECM Titanium 3.0 - Logiciel complet pour le chiptuning - Tienda ReproRACE\" \/>\n<meta property=\"og:description\" content=\"Avec ECM Titanium 3.0, vos \u00e9talonnages seront encore plus rapides et pr\u00e9cis. Commencez \u00e0 modifier les fichiers du v\u00e9hicule de vos clients avec le programme le plus simple et le plus puissant du march\u00e9.\" \/>\n<meta property=\"og:url\" content=\"https:\/\/old.reprorace.com\/fr\/producto\/ecm-titanium-3-0-logiciel-complet-pour-le-chiptuning\/\" \/>\n<meta property=\"og:site_name\" content=\"Tienda ReproRACE\" \/>\n<meta property=\"article:modified_time\" content=\"2025-08-14T18:05:03+00:00\" \/>\n<meta name=\"twitter:card\" content=\"summary_large_image\" \/>\n<meta name=\"twitter:label1\" content=\"Dur\u00e9e de lecture estim\u00e9e\" \/>\n\t<meta name=\"twitter:data1\" content=\"1 minute\" \/>\n<script type=\"application\/ld+json\" class=\"yoast-schema-graph\">{\"@context\":\"https:\/\/schema.org\",\"@graph\":[{\"@type\":\"WebPage\",\"@id\":\"https:\/\/old.reprorace.com\/fr\/producto\/ecm-titanium-3-0-logiciel-complet-pour-le-chiptuning\/\",\"url\":\"https:\/\/old.reprorace.com\/fr\/producto\/ecm-titanium-3-0-logiciel-complet-pour-le-chiptuning\/\",\"name\":\"ECM Titanium 3.0 - Logiciel complet pour le chiptuning - Tienda ReproRACE\",\"isPartOf\":{\"@id\":\"https:\/\/old.reprorace.com\/#website\"},\"datePublished\":\"2023-03-10T13:05:55+00:00\",\"dateModified\":\"2025-08-14T18:05:03+00:00\",\"breadcrumb\":{\"@id\":\"https:\/\/old.reprorace.com\/fr\/producto\/ecm-titanium-3-0-logiciel-complet-pour-le-chiptuning\/#breadcrumb\"},\"inLanguage\":\"fr-FR\",\"potentialAction\":[{\"@type\":\"ReadAction\",\"target\":[\"https:\/\/old.reprorace.com\/fr\/producto\/ecm-titanium-3-0-logiciel-complet-pour-le-chiptuning\/\"]}]},{\"@type\":\"BreadcrumbList\",\"@id\":\"https:\/\/old.reprorace.com\/fr\/producto\/ecm-titanium-3-0-logiciel-complet-pour-le-chiptuning\/#breadcrumb\",\"itemListElement\":[{\"@type\":\"ListItem\",\"position\":1,\"name\":\"Portada\",\"item\":\"https:\/\/old.reprorace.com\/fr\/domicile\/\"},{\"@type\":\"ListItem\",\"position\":2,\"name\":\"Tienda Reprorace\",\"item\":\"https:\/\/old.reprorace.com\/home-2\/\"},{\"@type\":\"ListItem\",\"position\":3,\"name\":\"ECM Titanium 3.0 &#8211; Logiciel complet pour le chiptuning\"}]},{\"@type\":\"WebSite\",\"@id\":\"https:\/\/old.reprorace.com\/#website\",\"url\":\"https:\/\/old.reprorace.com\/\",\"name\":\"Tienda ReproRACE\",\"description\":\"Todo lo necesario para reprogramar veh\u00edculos en tu taller mec\u00e1nico\",\"publisher\":{\"@id\":\"https:\/\/old.reprorace.com\/#organization\"},\"potentialAction\":[{\"@type\":\"SearchAction\",\"target\":{\"@type\":\"EntryPoint\",\"urlTemplate\":\"https:\/\/old.reprorace.com\/?s={search_term_string}\"},\"query-input\":{\"@type\":\"PropertyValueSpecification\",\"valueRequired\":true,\"valueName\":\"search_term_string\"}}],\"inLanguage\":\"fr-FR\"},{\"@type\":\"Organization\",\"@id\":\"https:\/\/old.reprorace.com\/#organization\",\"name\":\"Tienda ReproRACE\",\"url\":\"https:\/\/old.reprorace.com\/\",\"logo\":{\"@type\":\"ImageObject\",\"inLanguage\":\"fr-FR\",\"@id\":\"https:\/\/old.reprorace.com\/#\/schema\/logo\/image\/\",\"url\":\"https:\/\/old.reprorace.com\/wp-content\/uploads\/2023\/04\/cropped-logo_vector_-e1681820515513.png\",\"contentUrl\":\"https:\/\/old.reprorace.com\/wp-content\/uploads\/2023\/04\/cropped-logo_vector_-e1681820515513.png\",\"width\":448,\"height\":128,\"caption\":\"Tienda ReproRACE\"},\"image\":{\"@id\":\"https:\/\/old.reprorace.com\/#\/schema\/logo\/image\/\"}}]}<\/script>\n<!-- \/ Yoast SEO plugin. -->","yoast_head_json":{"title":"ECM Titanium 3.0 - Logiciel complet pour le chiptuning - Tienda ReproRACE","robots":{"index":"index","follow":"follow","max-snippet":"max-snippet:-1","max-image-preview":"max-image-preview:large","max-video-preview":"max-video-preview:-1"},"canonical":"https:\/\/old.reprorace.com\/fr\/producto\/ecm-titanium-3-0-logiciel-complet-pour-le-chiptuning\/","og_locale":"fr_FR","og_type":"article","og_title":"ECM Titanium 3.0 - Logiciel complet pour le chiptuning - Tienda ReproRACE","og_description":"Avec ECM Titanium 3.0, vos \u00e9talonnages seront encore plus rapides et pr\u00e9cis. Commencez \u00e0 modifier les fichiers du v\u00e9hicule de vos clients avec le programme le plus simple et le plus puissant du march\u00e9.","og_url":"https:\/\/old.reprorace.com\/fr\/producto\/ecm-titanium-3-0-logiciel-complet-pour-le-chiptuning\/","og_site_name":"Tienda ReproRACE","article_modified_time":"2025-08-14T18:05:03+00:00","twitter_card":"summary_large_image","twitter_misc":{"Dur\u00e9e de lecture estim\u00e9e":"1 minute"},"schema":{"@context":"https:\/\/schema.org","@graph":[{"@type":"WebPage","@id":"https:\/\/old.reprorace.com\/fr\/producto\/ecm-titanium-3-0-logiciel-complet-pour-le-chiptuning\/","url":"https:\/\/old.reprorace.com\/fr\/producto\/ecm-titanium-3-0-logiciel-complet-pour-le-chiptuning\/","name":"ECM Titanium 3.0 - Logiciel complet pour le chiptuning - Tienda ReproRACE","isPartOf":{"@id":"https:\/\/old.reprorace.com\/#website"},"datePublished":"2023-03-10T13:05:55+00:00","dateModified":"2025-08-14T18:05:03+00:00","breadcrumb":{"@id":"https:\/\/old.reprorace.com\/fr\/producto\/ecm-titanium-3-0-logiciel-complet-pour-le-chiptuning\/#breadcrumb"},"inLanguage":"fr-FR","potentialAction":[{"@type":"ReadAction","target":["https:\/\/old.reprorace.com\/fr\/producto\/ecm-titanium-3-0-logiciel-complet-pour-le-chiptuning\/"]}]},{"@type":"BreadcrumbList","@id":"https:\/\/old.reprorace.com\/fr\/producto\/ecm-titanium-3-0-logiciel-complet-pour-le-chiptuning\/#breadcrumb","itemListElement":[{"@type":"ListItem","position":1,"name":"Portada","item":"https:\/\/old.reprorace.com\/fr\/domicile\/"},{"@type":"ListItem","position":2,"name":"Tienda Reprorace","item":"https:\/\/old.reprorace.com\/home-2\/"},{"@type":"ListItem","position":3,"name":"ECM Titanium 3.0 &#8211; Logiciel complet pour le chiptuning"}]},{"@type":"WebSite","@id":"https:\/\/old.reprorace.com\/#website","url":"https:\/\/old.reprorace.com\/","name":"Tienda ReproRACE","description":"Todo lo necesario para reprogramar veh\u00edculos en tu taller mec\u00e1nico","publisher":{"@id":"https:\/\/old.reprorace.com\/#organization"},"potentialAction":[{"@type":"SearchAction","target":{"@type":"EntryPoint","urlTemplate":"https:\/\/old.reprorace.com\/?s={search_term_string}"},"query-input":{"@type":"PropertyValueSpecification","valueRequired":true,"valueName":"search_term_string"}}],"inLanguage":"fr-FR"},{"@type":"Organization","@id":"https:\/\/old.reprorace.com\/#organization","name":"Tienda ReproRACE","url":"https:\/\/old.reprorace.com\/","logo":{"@type":"ImageObject","inLanguage":"fr-FR","@id":"https:\/\/old.reprorace.com\/#\/schema\/logo\/image\/","url":"https:\/\/old.reprorace.com\/wp-content\/uploads\/2023\/04\/cropped-logo_vector_-e1681820515513.png","contentUrl":"https:\/\/old.reprorace.com\/wp-content\/uploads\/2023\/04\/cropped-logo_vector_-e1681820515513.png","width":448,"height":128,"caption":"Tienda ReproRACE"},"image":{"@id":"https:\/\/old.reprorace.com\/#\/schema\/logo\/image\/"}}]}},"_links":{"self":[{"href":"https:\/\/old.reprorace.com\/fr\/wp-json\/wp\/v2\/product\/113025","targetHints":{"allow":["GET"]}}],"collection":[{"href":"https:\/\/old.reprorace.com\/fr\/wp-json\/wp\/v2\/product"}],"about":[{"href":"https:\/\/old.reprorace.com\/fr\/wp-json\/wp\/v2\/types\/product"}],"version-history":[{"count":0,"href":"https:\/\/old.reprorace.com\/fr\/wp-json\/wp\/v2\/product\/113025\/revisions"}],"wp:attachment":[{"href":"https:\/\/old.reprorace.com\/fr\/wp-json\/wp\/v2\/media?parent=113025"}],"wp:term":[{"taxonomy":"product_brand","embeddable":true,"href":"https:\/\/old.reprorace.com\/fr\/wp-json\/wp\/v2\/product_brand?post=113025"},{"taxonomy":"product_cat","embeddable":true,"href":"https:\/\/old.reprorace.com\/fr\/wp-json\/wp\/v2\/product_cat?post=113025"},{"taxonomy":"product_tag","embeddable":true,"href":"https:\/\/old.reprorace.com\/fr\/wp-json\/wp\/v2\/product_tag?post=113025"}],"curies":[{"name":"wp","href":"https:\/\/api.w.org\/{rel}","templated":true}]}}