{"id":112222,"date":"2022-12-05T10:08:22","date_gmt":"2022-12-05T10:08:22","guid":{"rendered":"https:\/\/reprorace.com\/shop\/mudanca-de-master-2\/"},"modified":"2025-08-14T14:17:21","modified_gmt":"2025-08-14T14:17:21","slug":"mudanca-de-master","status":"publish","type":"page","link":"https:\/\/old.reprorace.com\/pt-br\/mudanca-de-master\/","title":{"rendered":"Mudan\u00e7a de Mestre"},"content":{"rendered":"\t\t<div data-elementor-type=\"wp-page\" data-elementor-id=\"112222\" class=\"elementor elementor-112222 elementor-2201\" data-elementor-post-type=\"page\">\n\t\t\t\t\t\t<section class=\"elementor-section elementor-top-section elementor-element elementor-element-109c9a7e elementor-section-content-middle elementor-section-boxed elementor-section-height-default elementor-section-height-default\" data-id=\"109c9a7e\" data-element_type=\"section\">\n\t\t\t\t\t\t<div class=\"elementor-container elementor-column-gap-no\">\n\t\t\t\t\t<div class=\"elementor-column elementor-col-100 elementor-top-column elementor-element elementor-element-1849ae48\" data-id=\"1849ae48\" data-element_type=\"column\">\n\t\t\t<div class=\"elementor-widget-wrap elementor-element-populated\">\n\t\t\t\t\t\t<div class=\"elementor-element elementor-element-426a3fdf elementor-widget elementor-widget-heading\" data-id=\"426a3fdf\" data-element_type=\"widget\" data-widget_type=\"heading.default\">\n\t\t\t\t<div class=\"elementor-widget-container\">\n\t\t\t\t\t<h4 class=\"elementor-heading-title elementor-size-default\">O que significa mudar de mestrado?<\/h4>\t\t\t\t<\/div>\n\t\t\t\t<\/div>\n\t\t\t\t<div class=\"elementor-element elementor-element-308e4ab7 elementor-widget elementor-widget-text-editor\" data-id=\"308e4ab7\" data-element_type=\"widget\" data-widget_type=\"text-editor.default\">\n\t\t\t\t<div class=\"elementor-widget-container\">\n\t\t\t\t\t\t\t\t\t<p>Se voc\u00ea atualmente possui hardware de programa\u00e7\u00e3o de qualquer um dos principais fabricantes,<strong> Alientech, Autotuner ou MagicMotorsport<\/strong> na vers\u00e3o Slave e est\u00e1 vinculado a outra empresa com a qual n\u00e3o est\u00e1 satisfeito com o servi\u00e7o, voc\u00ea pode vincular sua ferramenta ao ReproRACE. A partir do momento em que sua ferramenta for vinculada \u00e0 nossa empresa, voc\u00ea poder\u00e1 acessar todos os nossos servi\u00e7os. <\/p><p>Para isso, voc\u00ea n\u00e3o deve ter d\u00edvidas com o mestrado atual, que deve autorizar a mudan\u00e7a. Ao preencher o formul\u00e1rio abaixo, podemos ajud\u00e1-lo no processo. <\/p>\t\t\t\t\t\t\t\t<\/div>\n\t\t\t\t<\/div>\n\t\t\t\t\t<\/div>\n\t\t<\/div>\n\t\t\t\t\t<\/div>\n\t\t<\/section>\n\t\t\t\t<section class=\"elementor-section elementor-top-section elementor-element elementor-element-69fa9c40 elementor-section-content-middle elementor-section-boxed elementor-section-height-default elementor-section-height-default\" data-id=\"69fa9c40\" data-element_type=\"section\">\n\t\t\t\t\t\t<div class=\"elementor-container elementor-column-gap-no\">\n\t\t\t\t\t<div class=\"elementor-column elementor-col-100 elementor-top-column elementor-element elementor-element-18e82a6e\" data-id=\"18e82a6e\" data-element_type=\"column\">\n\t\t\t<div class=\"elementor-widget-wrap elementor-element-populated\">\n\t\t\t\t\t\t<div class=\"elementor-element elementor-element-51a079e3 elementor-widget elementor-widget-heading\" data-id=\"51a079e3\" data-element_type=\"widget\" data-widget_type=\"heading.default\">\n\t\t\t\t<div class=\"elementor-widget-container\">\n\t\t\t\t\t<h4 class=\"elementor-heading-title elementor-size-default\">Mudando do Master para o ReproRACE<\/h4>\t\t\t\t<\/div>\n\t\t\t\t<\/div>\n\t\t\t\t<div class=\"elementor-element elementor-element-87fdfc5 elementor-button-align-center elementor-mobile-button-align-center elementor-widget elementor-widget-form\" data-id=\"87fdfc5\" data-element_type=\"widget\" data-settings=\"{&quot;step_next_label&quot;:&quot;Seguinte&quot;,&quot;step_previous_label&quot;:&quot;Anterior&quot;,&quot;button_width&quot;:&quot;100&quot;,&quot;step_type&quot;:&quot;number_text&quot;,&quot;step_icon_shape&quot;:&quot;circle&quot;}\" data-widget_type=\"form.default\">\n\t\t\t\t<div class=\"elementor-widget-container\">\n\t\t\t\t\t\t\t<form class=\"elementor-form\" method=\"post\" id=\"cambio_de_master\" name=\"Mudan\u00e7a de Mestre\" aria-label=\"Mudan\u00e7a de Mestre\">\n\t\t\t<input type=\"hidden\" name=\"post_id\" value=\"112222\"\/>\n\t\t\t<input type=\"hidden\" name=\"form_id\" value=\"87fdfc5\"\/>\n\t\t\t<input type=\"hidden\" name=\"referer_title\" value=\"Mudan\u00e7a de Mestre - Tienda ReproRACE\" \/>\n\n\t\t\t\t\t\t\t<input type=\"hidden\" name=\"queried_id\" value=\"112222\"\/>\n\t\t\t\n\t\t\t<div class=\"elementor-form-fields-wrapper elementor-labels-above\">\n\t\t\t\t\t\t\t\t<div class=\"elementor-field-type-text elementor-field-group elementor-column elementor-field-group-email elementor-col-50 elementor-field-required elementor-mark-required\">\n\t\t\t\t\t\t\t\t\t\t\t\t<label for=\"form-field-email\" class=\"elementor-field-label\">\n\t\t\t\t\t\t\t\tNome\t\t\t\t\t\t\t<\/label>\n\t\t\t\t\t\t\t\t\t\t\t\t\t\t<input size=\"1\" type=\"text\" name=\"form_fields[email]\" id=\"form-field-email\" class=\"elementor-field elementor-size-sm  elementor-field-textual\" required=\"required\">\n\t\t\t\t\t\t\t\t\t\t\t<\/div>\n\t\t\t\t\t\t\t\t<div class=\"elementor-field-type-text elementor-field-group elementor-column elementor-field-group-04fbb9f elementor-col-50 elementor-field-required elementor-mark-required\">\n\t\t\t\t\t\t\t\t\t\t\t\t<label for=\"form-field-04fbb9f\" class=\"elementor-field-label\">\n\t\t\t\t\t\t\t\tSobrenome\t\t\t\t\t\t\t<\/label>\n\t\t\t\t\t\t\t\t\t\t\t\t\t\t<input size=\"1\" type=\"text\" name=\"form_fields[04fbb9f]\" id=\"form-field-04fbb9f\" class=\"elementor-field elementor-size-sm  elementor-field-textual\" required=\"required\">\n\t\t\t\t\t\t\t\t\t\t\t<\/div>\n\t\t\t\t\t\t\t\t<div class=\"elementor-field-type-text elementor-field-group elementor-column elementor-field-group-field_b9de2b4 elementor-col-50\">\n\t\t\t\t\t\t\t\t\t\t\t\t<label for=\"form-field-field_b9de2b4\" class=\"elementor-field-label\">\n\t\t\t\t\t\t\t\tNome da sua oficina\t\t\t\t\t\t\t<\/label>\n\t\t\t\t\t\t\t\t\t\t\t\t\t\t<input size=\"1\" type=\"text\" name=\"form_fields[field_b9de2b4]\" id=\"form-field-field_b9de2b4\" class=\"elementor-field elementor-size-sm  elementor-field-textual\">\n\t\t\t\t\t\t\t\t\t\t\t<\/div>\n\t\t\t\t\t\t\t\t<div class=\"elementor-field-type-text elementor-field-group elementor-column elementor-field-group-field_1f0a7a4 elementor-col-50 elementor-field-required elementor-mark-required\">\n\t\t\t\t\t\t\t\t\t\t\t\t<label for=\"form-field-field_1f0a7a4\" class=\"elementor-field-label\">\n\t\t\t\t\t\t\t\tCidade e pa\u00eds\t\t\t\t\t\t\t<\/label>\n\t\t\t\t\t\t\t\t\t\t\t\t\t\t<input size=\"1\" type=\"text\" name=\"form_fields[field_1f0a7a4]\" id=\"form-field-field_1f0a7a4\" class=\"elementor-field elementor-size-sm  elementor-field-textual\" required=\"required\">\n\t\t\t\t\t\t\t\t\t\t\t<\/div>\n\t\t\t\t\t\t\t\t<div class=\"elementor-field-type-text elementor-field-group elementor-column elementor-field-group-name elementor-col-50 elementor-field-required elementor-mark-required\">\n\t\t\t\t\t\t\t\t\t\t\t\t<label for=\"form-field-name\" class=\"elementor-field-label\">\n\t\t\t\t\t\t\t\tE-mail de contato\t\t\t\t\t\t\t<\/label>\n\t\t\t\t\t\t\t\t\t\t\t\t\t\t<input size=\"1\" type=\"text\" name=\"form_fields[name]\" id=\"form-field-name\" class=\"elementor-field elementor-size-sm  elementor-field-textual\" required=\"required\">\n\t\t\t\t\t\t\t\t\t\t\t<\/div>\n\t\t\t\t\t\t\t\t<div class=\"elementor-field-type-select elementor-field-group elementor-column elementor-field-group-field_ac602d6 elementor-col-50 elementor-field-required elementor-mark-required\">\n\t\t\t\t\t\t\t\t\t\t\t\t<label for=\"form-field-field_ac602d6\" class=\"elementor-field-label\">\n\t\t\t\t\t\t\t\tSua ferramenta \u00e9:\t\t\t\t\t\t\t<\/label>\n\t\t\t\t\t\t\t\t<div class=\"elementor-field elementor-select-wrapper remove-before \">\n\t\t\t<div class=\"select-caret-down-wrapper\">\n\t\t\t\t<svg aria-hidden=\"true\" class=\"e-font-icon-svg e-eicon-caret-down\" viewBox=\"0 0 571.4 571.4\" xmlns=\"http:\/\/www.w3.org\/2000\/svg\"><path d=\"M571 393Q571 407 561 418L311 668Q300 679 286 679T261 668L11 418Q0 407 0 393T11 368 36 357H536Q550 357 561 368T571 393Z\"><\/path><\/svg>\t\t\t<\/div>\n\t\t\t<select name=\"form_fields[field_ac602d6]\" id=\"form-field-field_ac602d6\" class=\"elementor-field-textual elementor-size-sm\" required=\"required\">\n\t\t\t\t\t\t\t\t\t<option value=\"Alientech KESS3\">Alientech KESS3<\/option>\n\t\t\t\t\t\t\t\t\t<option value=\"Alientech KessV2\">Alientech KessV2<\/option>\n\t\t\t\t\t\t\t\t\t<option value=\"Alientech Ktag\">Alientech Ktag<\/option>\n\t\t\t\t\t\t\t\t\t<option value=\"Autotuner\">Autotuner<\/option>\n\t\t\t\t\t\t\t\t\t<option value=\"FLEX MagicMotorsport\">FLEX MagicMotorsport<\/option>\n\t\t\t\t\t\t\t\t\t<option value=\"\"><\/option>\n\t\t\t\t\t\t\t\t\t<option value=\"\"><\/option>\n\t\t\t\t\t\t\t\t\t<option value=\"\"><\/option>\n\t\t\t\t\t\t\t<\/select>\n\t\t<\/div>\n\t\t\t\t\t\t<\/div>\n\t\t\t\t\t\t\t\t<div class=\"elementor-field-type-text elementor-field-group elementor-column elementor-field-group-field_dc33716 elementor-col-50 elementor-field-required elementor-mark-required\">\n\t\t\t\t\t\t\t\t\t\t\t\t<label for=\"form-field-field_dc33716\" class=\"elementor-field-label\">\n\t\t\t\t\t\t\t\tN\u00famero de s\u00e9rie da sua ferramenta\t\t\t\t\t\t\t<\/label>\n\t\t\t\t\t\t\t\t\t\t\t\t\t\t<input size=\"1\" type=\"text\" name=\"form_fields[field_dc33716]\" id=\"form-field-field_dc33716\" class=\"elementor-field elementor-size-sm  elementor-field-textual\" required=\"required\">\n\t\t\t\t\t\t\t\t\t\t\t<\/div>\n\t\t\t\t\t\t\t\t<div class=\"elementor-field-type-text elementor-field-group elementor-column elementor-field-group-field_9ed977d elementor-col-50 elementor-field-required elementor-mark-required\">\n\t\t\t\t\t\t\t\t\t\t\t\t<label for=\"form-field-field_9ed977d\" class=\"elementor-field-label\">\n\t\t\t\t\t\t\t\tSeu mestrado atual\t\t\t\t\t\t\t<\/label>\n\t\t\t\t\t\t\t\t\t\t\t\t\t\t<input size=\"1\" type=\"text\" name=\"form_fields[field_9ed977d]\" id=\"form-field-field_9ed977d\" class=\"elementor-field elementor-size-sm  elementor-field-textual\" required=\"required\">\n\t\t\t\t\t\t\t\t\t\t\t<\/div>\n\t\t\t\t\t\t\t\t<div class=\"elementor-field-type-textarea elementor-field-group elementor-column elementor-field-group-field_86bda98 elementor-col-100\">\n\t\t\t\t\t\t\t\t\t\t\t\t<label for=\"form-field-field_86bda98\" class=\"elementor-field-label\">\n\t\t\t\t\t\t\t\tEsclarecimentos ou observa\u00e7\u00f5es:\t\t\t\t\t\t\t<\/label>\n\t\t\t\t\t\t<textarea class=\"elementor-field-textual elementor-field  elementor-size-sm\" name=\"form_fields[field_86bda98]\" id=\"form-field-field_86bda98\" rows=\"4\"><\/textarea>\t\t\t\t<\/div>\n\t\t\t\t\t\t\t\t<div class=\"elementor-field-type-acceptance elementor-field-group elementor-column elementor-field-group-field_f18508a elementor-col-100 elementor-field-required elementor-mark-required\">\n\t\t\t\t\t\t\t<div class=\"elementor-field-subgroup\">\n\t\t\t<span class=\"elementor-field-option\">\n\t\t\t\t<input type=\"checkbox\" name=\"form_fields[field_f18508a]\" id=\"form-field-field_f18508a\" class=\"elementor-field elementor-size-sm  elementor-acceptance-field\" required=\"required\">\n\t\t\t\t<label for=\"form-field-field_f18508a\">Declaro que desejo alterar a gest\u00e3o da minha ferramenta para Reprorace.com, declaro tamb\u00e9m que n\u00e3o h\u00e1 d\u00edvida pendente no meu mestrado atual, comprometendo-me nesse caso a efetuar o pagamento das d\u00edvidas pendentes com ela antes de fazer a altera\u00e7\u00e3o.<\/label>\t\t\t<\/span>\n\t\t<\/div>\n\t\t\t\t\t\t<\/div>\n\t\t\t\t\t\t\t\t<div class=\"elementor-field-group elementor-column elementor-field-type-submit elementor-col-100 e-form__buttons\">\n\t\t\t\t\t<button class=\"elementor-button elementor-size-md\" type=\"submit\">\n\t\t\t\t\t\t<span class=\"elementor-button-content-wrapper\">\n\t\t\t\t\t\t\t\t\t\t\t\t\t\t\t\t\t\t\t\t\t\t<span class=\"elementor-button-text\">Pedido de mudan\u00e7a de mestrado para reprorace<\/span>\n\t\t\t\t\t\t\t\t\t\t\t\t\t<\/span>\n\t\t\t\t\t<\/button>\n\t\t\t\t<\/div>\n\t\t\t<\/div>\n\t\t<\/form>\n\t\t\t\t\t\t<\/div>\n\t\t\t\t<\/div>\n\t\t\t\t\t<\/div>\n\t\t<\/div>\n\t\t\t\t\t<\/div>\n\t\t<\/section>\n\t\t\t\t<\/div>\n\t\t","protected":false},"excerpt":{"rendered":"<p>O que significa mudar de mestrado? Se voc\u00ea atualmente possui hardware de programa\u00e7\u00e3o de qualquer um dos principais fabricantes, Alientech, Autotuner ou MagicMotorsport na vers\u00e3o Slave e est\u00e1 vinculado a outra empresa com a qual n\u00e3o est\u00e1 satisfeito com o servi\u00e7o, voc\u00ea pode vincular sua ferramenta ao ReproRACE. A partir do momento em que sua [&hellip;]<\/p>\n","protected":false},"author":1,"featured_media":0,"parent":0,"menu_order":0,"comment_status":"closed","ping_status":"closed","template":"","meta":{"inline_featured_image":false,"footnotes":""},"class_list":["post-112222","page","type-page","status-publish","hentry"],"yoast_head":"<!-- This site is optimized with the Yoast SEO plugin v26.3 - https:\/\/yoast.com\/wordpress\/plugins\/seo\/ -->\n<title>Mudan\u00e7a de Mestre - Tienda ReproRACE<\/title>\n<meta name=\"description\" content=\"Saiba como mudar seu hardware Slave para a ReproRACE e acessar todos os nossos servi\u00e7os. Veja os requisitos e o processo.\" \/>\n<meta name=\"robots\" content=\"index, follow, max-snippet:-1, max-image-preview:large, max-video-preview:-1\" \/>\n<link rel=\"canonical\" href=\"https:\/\/old.reprorace.com\/pt-br\/mudanca-de-master\/\" \/>\n<meta property=\"og:locale\" content=\"pt_BR\" \/>\n<meta property=\"og:type\" content=\"article\" \/>\n<meta property=\"og:title\" content=\"Mudan\u00e7a de Mestre - Tienda ReproRACE\" \/>\n<meta property=\"og:description\" content=\"Saiba como mudar seu hardware Slave para a ReproRACE e acessar todos os nossos servi\u00e7os. Veja os requisitos e o processo.\" \/>\n<meta property=\"og:url\" content=\"https:\/\/old.reprorace.com\/pt-br\/mudanca-de-master\/\" \/>\n<meta property=\"og:site_name\" content=\"Tienda ReproRACE\" \/>\n<meta property=\"article:modified_time\" content=\"2025-08-14T14:17:21+00:00\" \/>\n<meta name=\"twitter:card\" content=\"summary_large_image\" \/>\n<meta name=\"twitter:label1\" content=\"Est. tempo de leitura\" \/>\n\t<meta name=\"twitter:data1\" content=\"1 minuto\" \/>\n<script type=\"application\/ld+json\" class=\"yoast-schema-graph\">{\"@context\":\"https:\/\/schema.org\",\"@graph\":[{\"@type\":\"WebPage\",\"@id\":\"https:\/\/old.reprorace.com\/pt-br\/mudanca-de-master\/\",\"url\":\"https:\/\/old.reprorace.com\/pt-br\/mudanca-de-master\/\",\"name\":\"Mudan\u00e7a de Mestre - Tienda ReproRACE\",\"isPartOf\":{\"@id\":\"https:\/\/old.reprorace.com\/#website\"},\"datePublished\":\"2022-12-05T10:08:22+00:00\",\"dateModified\":\"2025-08-14T14:17:21+00:00\",\"description\":\"Saiba como mudar seu hardware Slave para a ReproRACE e acessar todos os nossos servi\u00e7os. Veja os requisitos e o processo.\",\"breadcrumb\":{\"@id\":\"https:\/\/old.reprorace.com\/pt-br\/mudanca-de-master\/#breadcrumb\"},\"inLanguage\":\"pt-BR\",\"potentialAction\":[{\"@type\":\"ReadAction\",\"target\":[\"https:\/\/old.reprorace.com\/pt-br\/mudanca-de-master\/\"]}]},{\"@type\":\"BreadcrumbList\",\"@id\":\"https:\/\/old.reprorace.com\/pt-br\/mudanca-de-master\/#breadcrumb\",\"itemListElement\":[{\"@type\":\"ListItem\",\"position\":1,\"name\":\"Portada\",\"item\":\"https:\/\/old.reprorace.com\/pt-br\/casa\/\"},{\"@type\":\"ListItem\",\"position\":2,\"name\":\"Mudan\u00e7a de Mestre\"}]},{\"@type\":\"WebSite\",\"@id\":\"https:\/\/old.reprorace.com\/#website\",\"url\":\"https:\/\/old.reprorace.com\/\",\"name\":\"Tienda ReproRACE\",\"description\":\"Todo lo necesario para reprogramar veh\u00edculos en tu taller mec\u00e1nico\",\"publisher\":{\"@id\":\"https:\/\/old.reprorace.com\/#organization\"},\"potentialAction\":[{\"@type\":\"SearchAction\",\"target\":{\"@type\":\"EntryPoint\",\"urlTemplate\":\"https:\/\/old.reprorace.com\/?s={search_term_string}\"},\"query-input\":{\"@type\":\"PropertyValueSpecification\",\"valueRequired\":true,\"valueName\":\"search_term_string\"}}],\"inLanguage\":\"pt-BR\"},{\"@type\":\"Organization\",\"@id\":\"https:\/\/old.reprorace.com\/#organization\",\"name\":\"Tienda ReproRACE\",\"url\":\"https:\/\/old.reprorace.com\/\",\"logo\":{\"@type\":\"ImageObject\",\"inLanguage\":\"pt-BR\",\"@id\":\"https:\/\/old.reprorace.com\/#\/schema\/logo\/image\/\",\"url\":\"https:\/\/old.reprorace.com\/wp-content\/uploads\/2023\/04\/cropped-logo_vector_-e1681820515513.png\",\"contentUrl\":\"https:\/\/old.reprorace.com\/wp-content\/uploads\/2023\/04\/cropped-logo_vector_-e1681820515513.png\",\"width\":448,\"height\":128,\"caption\":\"Tienda ReproRACE\"},\"image\":{\"@id\":\"https:\/\/old.reprorace.com\/#\/schema\/logo\/image\/\"}}]}<\/script>\n<!-- \/ Yoast SEO plugin. -->","yoast_head_json":{"title":"Mudan\u00e7a de Mestre - Tienda ReproRACE","description":"Saiba como mudar seu hardware Slave para a ReproRACE e acessar todos os nossos servi\u00e7os. Veja os requisitos e o processo.","robots":{"index":"index","follow":"follow","max-snippet":"max-snippet:-1","max-image-preview":"max-image-preview:large","max-video-preview":"max-video-preview:-1"},"canonical":"https:\/\/old.reprorace.com\/pt-br\/mudanca-de-master\/","og_locale":"pt_BR","og_type":"article","og_title":"Mudan\u00e7a de Mestre - Tienda ReproRACE","og_description":"Saiba como mudar seu hardware Slave para a ReproRACE e acessar todos os nossos servi\u00e7os. Veja os requisitos e o processo.","og_url":"https:\/\/old.reprorace.com\/pt-br\/mudanca-de-master\/","og_site_name":"Tienda ReproRACE","article_modified_time":"2025-08-14T14:17:21+00:00","twitter_card":"summary_large_image","twitter_misc":{"Est. tempo de leitura":"1 minuto"},"schema":{"@context":"https:\/\/schema.org","@graph":[{"@type":"WebPage","@id":"https:\/\/old.reprorace.com\/pt-br\/mudanca-de-master\/","url":"https:\/\/old.reprorace.com\/pt-br\/mudanca-de-master\/","name":"Mudan\u00e7a de Mestre - Tienda ReproRACE","isPartOf":{"@id":"https:\/\/old.reprorace.com\/#website"},"datePublished":"2022-12-05T10:08:22+00:00","dateModified":"2025-08-14T14:17:21+00:00","description":"Saiba como mudar seu hardware Slave para a ReproRACE e acessar todos os nossos servi\u00e7os. Veja os requisitos e o processo.","breadcrumb":{"@id":"https:\/\/old.reprorace.com\/pt-br\/mudanca-de-master\/#breadcrumb"},"inLanguage":"pt-BR","potentialAction":[{"@type":"ReadAction","target":["https:\/\/old.reprorace.com\/pt-br\/mudanca-de-master\/"]}]},{"@type":"BreadcrumbList","@id":"https:\/\/old.reprorace.com\/pt-br\/mudanca-de-master\/#breadcrumb","itemListElement":[{"@type":"ListItem","position":1,"name":"Portada","item":"https:\/\/old.reprorace.com\/pt-br\/casa\/"},{"@type":"ListItem","position":2,"name":"Mudan\u00e7a de Mestre"}]},{"@type":"WebSite","@id":"https:\/\/old.reprorace.com\/#website","url":"https:\/\/old.reprorace.com\/","name":"Tienda ReproRACE","description":"Todo lo necesario para reprogramar veh\u00edculos en tu taller mec\u00e1nico","publisher":{"@id":"https:\/\/old.reprorace.com\/#organization"},"potentialAction":[{"@type":"SearchAction","target":{"@type":"EntryPoint","urlTemplate":"https:\/\/old.reprorace.com\/?s={search_term_string}"},"query-input":{"@type":"PropertyValueSpecification","valueRequired":true,"valueName":"search_term_string"}}],"inLanguage":"pt-BR"},{"@type":"Organization","@id":"https:\/\/old.reprorace.com\/#organization","name":"Tienda ReproRACE","url":"https:\/\/old.reprorace.com\/","logo":{"@type":"ImageObject","inLanguage":"pt-BR","@id":"https:\/\/old.reprorace.com\/#\/schema\/logo\/image\/","url":"https:\/\/old.reprorace.com\/wp-content\/uploads\/2023\/04\/cropped-logo_vector_-e1681820515513.png","contentUrl":"https:\/\/old.reprorace.com\/wp-content\/uploads\/2023\/04\/cropped-logo_vector_-e1681820515513.png","width":448,"height":128,"caption":"Tienda ReproRACE"},"image":{"@id":"https:\/\/old.reprorace.com\/#\/schema\/logo\/image\/"}}]}},"_links":{"self":[{"href":"https:\/\/old.reprorace.com\/pt-br\/wp-json\/wp\/v2\/pages\/112222","targetHints":{"allow":["GET"]}}],"collection":[{"href":"https:\/\/old.reprorace.com\/pt-br\/wp-json\/wp\/v2\/pages"}],"about":[{"href":"https:\/\/old.reprorace.com\/pt-br\/wp-json\/wp\/v2\/types\/page"}],"author":[{"embeddable":true,"href":"https:\/\/old.reprorace.com\/pt-br\/wp-json\/wp\/v2\/users\/1"}],"replies":[{"embeddable":true,"href":"https:\/\/old.reprorace.com\/pt-br\/wp-json\/wp\/v2\/comments?post=112222"}],"version-history":[{"count":0,"href":"https:\/\/old.reprorace.com\/pt-br\/wp-json\/wp\/v2\/pages\/112222\/revisions"}],"wp:attachment":[{"href":"https:\/\/old.reprorace.com\/pt-br\/wp-json\/wp\/v2\/media?parent=112222"}],"curies":[{"name":"wp","href":"https:\/\/api.w.org\/{rel}","templated":true}]}}