{"id":114735,"date":"2022-12-06T11:34:54","date_gmt":"2022-12-06T11:34:54","guid":{"rendered":"https:\/\/reprorace.com\/shop\/producto\/solda-acida-rpr-sem-limpeza-flux-rpr\/"},"modified":"2022-12-06T11:34:54","modified_gmt":"2022-12-06T11:34:54","slug":"solda-acida-rpr-sem-limpeza-flux-rpr","status":"publish","type":"product","link":"https:\/\/old.reprorace.com\/pt-br\/producto\/solda-acida-rpr-sem-limpeza-flux-rpr\/","title":{"rendered":"Solda \u00e1cida RPR sem limpeza &#8211; FLUX RPR"},"content":{"rendered":"<p>Solda \u00e1cida RPR sem limpeza &#8211; FLUX RPR<\/p>\n","protected":false},"excerpt":{"rendered":"<p>O \u00e1cido de solda facilitar\u00e1 o trabalho no laborat\u00f3rio, \u00e9 muito mais f\u00e1cil e seguro soldar ap\u00f3s a aplica\u00e7\u00e3o do nosso FLUX especial. Embora a limpeza subsequente n\u00e3o seja necess\u00e1ria, recomendamos a limpeza dos restos mortais com \u00e1lcool isoprop\u00edlico ou limpador de contato. <\/p>\n","protected":false},"featured_media":0,"template":"","meta":{"inline_featured_image":false},"product_brand":[],"product_cat":[7767],"product_tag":[],"class_list":{"0":"post-114735","1":"product","2":"type-product","3":"status-publish","5":"product_cat-soldagem-acessorios-de-laboratorio","7":"first","8":"instock","9":"taxable","10":"shipping-taxable","11":"purchasable","12":"product-type-simple"},"yoast_head":"<!-- This site is optimized with the Yoast SEO plugin v26.3 - https:\/\/yoast.com\/wordpress\/plugins\/seo\/ -->\n<title>Solda \u00e1cida RPR sem limpeza - FLUX RPR - Tienda ReproRACE<\/title>\n<meta name=\"robots\" content=\"index, follow, max-snippet:-1, max-image-preview:large, max-video-preview:-1\" \/>\n<link rel=\"canonical\" href=\"https:\/\/old.reprorace.com\/pt-br\/producto\/solda-acida-rpr-sem-limpeza-flux-rpr\/\" \/>\n<meta property=\"og:locale\" content=\"pt_BR\" \/>\n<meta property=\"og:type\" content=\"article\" \/>\n<meta property=\"og:title\" content=\"Solda \u00e1cida RPR sem limpeza - FLUX RPR - Tienda ReproRACE\" \/>\n<meta property=\"og:description\" content=\"O \u00e1cido de solda facilitar\u00e1 o trabalho no laborat\u00f3rio, \u00e9 muito mais f\u00e1cil e seguro soldar ap\u00f3s a aplica\u00e7\u00e3o do nosso FLUX especial. Embora a limpeza subsequente n\u00e3o seja necess\u00e1ria, recomendamos a limpeza dos restos mortais com \u00e1lcool isoprop\u00edlico ou limpador de contato.\" \/>\n<meta property=\"og:url\" content=\"https:\/\/old.reprorace.com\/pt-br\/producto\/solda-acida-rpr-sem-limpeza-flux-rpr\/\" \/>\n<meta property=\"og:site_name\" content=\"Tienda ReproRACE\" \/>\n<meta name=\"twitter:card\" content=\"summary_large_image\" \/>\n<script type=\"application\/ld+json\" class=\"yoast-schema-graph\">{\"@context\":\"https:\/\/schema.org\",\"@graph\":[{\"@type\":\"WebPage\",\"@id\":\"https:\/\/old.reprorace.com\/pt-br\/producto\/solda-acida-rpr-sem-limpeza-flux-rpr\/\",\"url\":\"https:\/\/old.reprorace.com\/pt-br\/producto\/solda-acida-rpr-sem-limpeza-flux-rpr\/\",\"name\":\"Solda \u00e1cida RPR sem limpeza - FLUX RPR - Tienda ReproRACE\",\"isPartOf\":{\"@id\":\"https:\/\/old.reprorace.com\/#website\"},\"datePublished\":\"2022-12-06T11:34:54+00:00\",\"breadcrumb\":{\"@id\":\"https:\/\/old.reprorace.com\/pt-br\/producto\/solda-acida-rpr-sem-limpeza-flux-rpr\/#breadcrumb\"},\"inLanguage\":\"pt-BR\",\"potentialAction\":[{\"@type\":\"ReadAction\",\"target\":[\"https:\/\/old.reprorace.com\/pt-br\/producto\/solda-acida-rpr-sem-limpeza-flux-rpr\/\"]}]},{\"@type\":\"BreadcrumbList\",\"@id\":\"https:\/\/old.reprorace.com\/pt-br\/producto\/solda-acida-rpr-sem-limpeza-flux-rpr\/#breadcrumb\",\"itemListElement\":[{\"@type\":\"ListItem\",\"position\":1,\"name\":\"Portada\",\"item\":\"https:\/\/old.reprorace.com\/pt-br\/casa\/\"},{\"@type\":\"ListItem\",\"position\":2,\"name\":\"Tienda Reprorace\",\"item\":\"https:\/\/old.reprorace.com\/home-2\/\"},{\"@type\":\"ListItem\",\"position\":3,\"name\":\"Solda \u00e1cida RPR sem limpeza &#8211; FLUX RPR\"}]},{\"@type\":\"WebSite\",\"@id\":\"https:\/\/old.reprorace.com\/#website\",\"url\":\"https:\/\/old.reprorace.com\/\",\"name\":\"Tienda ReproRACE\",\"description\":\"Todo lo necesario para reprogramar veh\u00edculos en tu taller mec\u00e1nico\",\"publisher\":{\"@id\":\"https:\/\/old.reprorace.com\/#organization\"},\"potentialAction\":[{\"@type\":\"SearchAction\",\"target\":{\"@type\":\"EntryPoint\",\"urlTemplate\":\"https:\/\/old.reprorace.com\/?s={search_term_string}\"},\"query-input\":{\"@type\":\"PropertyValueSpecification\",\"valueRequired\":true,\"valueName\":\"search_term_string\"}}],\"inLanguage\":\"pt-BR\"},{\"@type\":\"Organization\",\"@id\":\"https:\/\/old.reprorace.com\/#organization\",\"name\":\"Tienda ReproRACE\",\"url\":\"https:\/\/old.reprorace.com\/\",\"logo\":{\"@type\":\"ImageObject\",\"inLanguage\":\"pt-BR\",\"@id\":\"https:\/\/old.reprorace.com\/#\/schema\/logo\/image\/\",\"url\":\"https:\/\/old.reprorace.com\/wp-content\/uploads\/2023\/04\/cropped-logo_vector_-e1681820515513.png\",\"contentUrl\":\"https:\/\/old.reprorace.com\/wp-content\/uploads\/2023\/04\/cropped-logo_vector_-e1681820515513.png\",\"width\":448,\"height\":128,\"caption\":\"Tienda ReproRACE\"},\"image\":{\"@id\":\"https:\/\/old.reprorace.com\/#\/schema\/logo\/image\/\"}}]}<\/script>\n<!-- \/ Yoast SEO plugin. -->","yoast_head_json":{"title":"Solda \u00e1cida RPR sem limpeza - FLUX RPR - Tienda ReproRACE","robots":{"index":"index","follow":"follow","max-snippet":"max-snippet:-1","max-image-preview":"max-image-preview:large","max-video-preview":"max-video-preview:-1"},"canonical":"https:\/\/old.reprorace.com\/pt-br\/producto\/solda-acida-rpr-sem-limpeza-flux-rpr\/","og_locale":"pt_BR","og_type":"article","og_title":"Solda \u00e1cida RPR sem limpeza - FLUX RPR - Tienda ReproRACE","og_description":"O \u00e1cido de solda facilitar\u00e1 o trabalho no laborat\u00f3rio, \u00e9 muito mais f\u00e1cil e seguro soldar ap\u00f3s a aplica\u00e7\u00e3o do nosso FLUX especial. Embora a limpeza subsequente n\u00e3o seja necess\u00e1ria, recomendamos a limpeza dos restos mortais com \u00e1lcool isoprop\u00edlico ou limpador de contato.","og_url":"https:\/\/old.reprorace.com\/pt-br\/producto\/solda-acida-rpr-sem-limpeza-flux-rpr\/","og_site_name":"Tienda ReproRACE","twitter_card":"summary_large_image","schema":{"@context":"https:\/\/schema.org","@graph":[{"@type":"WebPage","@id":"https:\/\/old.reprorace.com\/pt-br\/producto\/solda-acida-rpr-sem-limpeza-flux-rpr\/","url":"https:\/\/old.reprorace.com\/pt-br\/producto\/solda-acida-rpr-sem-limpeza-flux-rpr\/","name":"Solda \u00e1cida RPR sem limpeza - FLUX RPR - Tienda ReproRACE","isPartOf":{"@id":"https:\/\/old.reprorace.com\/#website"},"datePublished":"2022-12-06T11:34:54+00:00","breadcrumb":{"@id":"https:\/\/old.reprorace.com\/pt-br\/producto\/solda-acida-rpr-sem-limpeza-flux-rpr\/#breadcrumb"},"inLanguage":"pt-BR","potentialAction":[{"@type":"ReadAction","target":["https:\/\/old.reprorace.com\/pt-br\/producto\/solda-acida-rpr-sem-limpeza-flux-rpr\/"]}]},{"@type":"BreadcrumbList","@id":"https:\/\/old.reprorace.com\/pt-br\/producto\/solda-acida-rpr-sem-limpeza-flux-rpr\/#breadcrumb","itemListElement":[{"@type":"ListItem","position":1,"name":"Portada","item":"https:\/\/old.reprorace.com\/pt-br\/casa\/"},{"@type":"ListItem","position":2,"name":"Tienda Reprorace","item":"https:\/\/old.reprorace.com\/home-2\/"},{"@type":"ListItem","position":3,"name":"Solda \u00e1cida RPR sem limpeza &#8211; FLUX RPR"}]},{"@type":"WebSite","@id":"https:\/\/old.reprorace.com\/#website","url":"https:\/\/old.reprorace.com\/","name":"Tienda ReproRACE","description":"Todo lo necesario para reprogramar veh\u00edculos en tu taller mec\u00e1nico","publisher":{"@id":"https:\/\/old.reprorace.com\/#organization"},"potentialAction":[{"@type":"SearchAction","target":{"@type":"EntryPoint","urlTemplate":"https:\/\/old.reprorace.com\/?s={search_term_string}"},"query-input":{"@type":"PropertyValueSpecification","valueRequired":true,"valueName":"search_term_string"}}],"inLanguage":"pt-BR"},{"@type":"Organization","@id":"https:\/\/old.reprorace.com\/#organization","name":"Tienda ReproRACE","url":"https:\/\/old.reprorace.com\/","logo":{"@type":"ImageObject","inLanguage":"pt-BR","@id":"https:\/\/old.reprorace.com\/#\/schema\/logo\/image\/","url":"https:\/\/old.reprorace.com\/wp-content\/uploads\/2023\/04\/cropped-logo_vector_-e1681820515513.png","contentUrl":"https:\/\/old.reprorace.com\/wp-content\/uploads\/2023\/04\/cropped-logo_vector_-e1681820515513.png","width":448,"height":128,"caption":"Tienda ReproRACE"},"image":{"@id":"https:\/\/old.reprorace.com\/#\/schema\/logo\/image\/"}}]}},"_links":{"self":[{"href":"https:\/\/old.reprorace.com\/pt-br\/wp-json\/wp\/v2\/product\/114735","targetHints":{"allow":["GET"]}}],"collection":[{"href":"https:\/\/old.reprorace.com\/pt-br\/wp-json\/wp\/v2\/product"}],"about":[{"href":"https:\/\/old.reprorace.com\/pt-br\/wp-json\/wp\/v2\/types\/product"}],"version-history":[{"count":0,"href":"https:\/\/old.reprorace.com\/pt-br\/wp-json\/wp\/v2\/product\/114735\/revisions"}],"wp:attachment":[{"href":"https:\/\/old.reprorace.com\/pt-br\/wp-json\/wp\/v2\/media?parent=114735"}],"wp:term":[{"taxonomy":"product_brand","embeddable":true,"href":"https:\/\/old.reprorace.com\/pt-br\/wp-json\/wp\/v2\/product_brand?post=114735"},{"taxonomy":"product_cat","embeddable":true,"href":"https:\/\/old.reprorace.com\/pt-br\/wp-json\/wp\/v2\/product_cat?post=114735"},{"taxonomy":"product_tag","embeddable":true,"href":"https:\/\/old.reprorace.com\/pt-br\/wp-json\/wp\/v2\/product_tag?post=114735"}],"curies":[{"name":"wp","href":"https:\/\/api.w.org\/{rel}","templated":true}]}}