{"id":114853,"date":"2023-03-10T13:05:55","date_gmt":"2023-03-10T13:05:55","guid":{"rendered":"https:\/\/reprorace.com\/shop\/producto\/ecm-titanium-3-0-software-completo-para-chiptuning\/"},"modified":"2023-03-10T13:05:55","modified_gmt":"2023-03-10T13:05:55","slug":"ecm-titanium-3-0-software-completo-para-chiptuning","status":"publish","type":"product","link":"https:\/\/old.reprorace.com\/pt-br\/producto\/ecm-titanium-3-0-software-completo-para-chiptuning\/","title":{"rendered":"ECM Titanium 3.0 &#8211; Software completo para chiptuning"},"content":{"rendered":"<p>Trabalhando em visualiza\u00e7\u00e3o 2D ou tabular, <strong>voc\u00ea ter\u00e1 ferramentas eficazes para gerenciamento de arquivos:<\/strong> alinhamentos, rolagem e fun\u00e7\u00f5es aprimoradas de copiar\/colar permitir\u00e3o otimizar a experi\u00eancia de trabalho. Somente comparando dois projetos diferentes <strong>ser\u00e1 poss\u00edvel replicar dados e incrementos de um arquivo para outro, de forma seletiva e com a m\u00e1xima confiabilidade.<\/strong> <\/p>\n<p>&nbsp;<\/p>\n<div class=\"elementor-element elementor-element-b3d4f94 elementor-widget elementor-widget-text-editor\" data-id=\"b3d4f94\" data-element_type=\"widget\" data-widget_type=\"text-editor.default\">\n<div class=\"elementor-widget-container\">\n<div class=\"elementor-text-editor elementor-clearfix\">\n<h3 style=\"text-align: center;\">O QUE O ECM TITANIUM 3.0 OFERECE?<\/h3>\n<p>&nbsp;<\/p>\n<\/div>\n<\/div>\n<\/div>\n<section class=\"elementor-section elementor-inner-section elementor-element elementor-element-4525108 elementor-section-boxed elementor-section-height-default elementor-section-height-default\" data-particle_enable=\"false\" data-particle-mobile-disabled=\"false\" data-id=\"4525108\" data-element_type=\"section\">\n<div class=\"elementor-container elementor-column-gap-default\">\n<div class=\"elementor-row\">\n<div class=\"elementor-column elementor-col-50 elementor-inner-column elementor-element elementor-element-26cc36d\" data-id=\"26cc36d\" data-element_type=\"column\">\n<div class=\"elementor-column-wrap elementor-element-populated\">\n<div class=\"elementor-widget-wrap\">\n<div class=\"elementor-element elementor-element-409e8a4 elementor-mobile-align-left elementor-icon-list--layout-traditional elementor-list-item-link-full_width elementor-widget elementor-widget-icon-list\" data-id=\"409e8a4\" data-element_type=\"widget\" data-widget_type=\"icon-list.default\">\n<div class=\"elementor-widget-container\">\n<ul>\n<li><span class=\"elementor-icon-list-text\">INTERFACE DE USU\u00c1RIO RENOVADA<\/span><\/li>\n<li><span class=\"elementor-icon-list-text\">POSSIBILIDADE DE TRABALHAR COM UM PROJETO DE COMPARA\u00c7\u00c3O<\/span><\/li>\n<li><span class=\"elementor-icon-list-text\">NOVOS RECURSOS DE EXIBI\u00c7\u00c3O 2D E TABULAR<\/span><\/li>\n<\/ul>\n<\/div>\n<\/div>\n<\/div>\n<\/div>\n<\/div>\n<div class=\"elementor-column elementor-col-50 elementor-inner-column elementor-element elementor-element-9138f9e\" data-id=\"9138f9e\" data-element_type=\"column\">\n<div class=\"elementor-column-wrap elementor-element-populated\">\n<div class=\"elementor-widget-wrap\">\n<div class=\"elementor-element elementor-element-da44f81 elementor-mobile-align-left elementor-icon-list--layout-traditional elementor-list-item-link-full_width elementor-widget elementor-widget-icon-list\" data-id=\"da44f81\" data-element_type=\"widget\" data-widget_type=\"icon-list.default\">\n<div class=\"elementor-widget-container\">\n<ul>\n<li><span class=\"elementor-icon-list-text\">NOVOS RECURSOS DE COPIAR\/COLAR E TABULARES EM 2D<\/span><\/li>\n<li><span class=\"elementor-icon-list-text\">GERENCIAMENTO DE PROJETOS PERSONALIZADOS<\/span><\/li>\n<li><span class=\"elementor-icon-list-text\">BUSCA AUTOM\u00c1TICA DE CONTROLADORES DE \u00daLTIMA GERA\u00c7\u00c3O<\/span><\/li>\n<\/ul>\n<p>&nbsp;<\/p>\n<\/div>\n<\/div>\n<\/div>\n<\/div>\n<\/div>\n<\/div>\n<\/div>\n<\/section>\n<p><strong>Com o <span class=\"il\">ECM<\/span> <span class=\"il\">Titanium<\/span> 3.0, suas calibra\u00e7\u00f5es ser\u00e3o ainda mais r\u00e1pidas e precisas. Eleve o n\u00edvel de interven\u00e7\u00e3o com um novo padr\u00e3o de reprograma\u00e7\u00e3o. <\/strong><\/p>\n","protected":false},"excerpt":{"rendered":"<p>Com o <span class=\"il\">ECM<\/span> <span class=\"il\">Titanium<\/span> 3.0, suas calibra\u00e7\u00f5es ser\u00e3o ainda mais r\u00e1pidas e precisas. Comece a modificar os arquivos de ve\u00edculos de seus clientes com o programa mais simples e poderoso do mercado. <\/p>\n","protected":false},"featured_media":0,"template":"","meta":{"inline_featured_image":false},"product_brand":[],"product_cat":[7770],"product_tag":[],"class_list":{"0":"post-114853","1":"product","2":"type-product","3":"status-publish","5":"product_cat-eqm-de-titanio-3","7":"first","8":"instock","9":"taxable","10":"shipping-taxable","11":"purchasable","12":"product-type-simple"},"yoast_head":"<!-- This site is optimized with the Yoast SEO plugin v26.3 - https:\/\/yoast.com\/wordpress\/plugins\/seo\/ -->\n<title>ECM Titanium 3.0 - Software completo para chiptuning - Tienda ReproRACE<\/title>\n<meta name=\"robots\" content=\"index, follow, max-snippet:-1, max-image-preview:large, max-video-preview:-1\" \/>\n<link rel=\"canonical\" href=\"https:\/\/old.reprorace.com\/pt-br\/producto\/ecm-titanium-3-0-software-completo-para-chiptuning\/\" \/>\n<meta property=\"og:locale\" content=\"pt_BR\" \/>\n<meta property=\"og:type\" content=\"article\" \/>\n<meta property=\"og:title\" content=\"ECM Titanium 3.0 - Software completo para chiptuning - Tienda ReproRACE\" \/>\n<meta property=\"og:description\" content=\"Com o ECM Titanium 3.0, suas calibra\u00e7\u00f5es ser\u00e3o ainda mais r\u00e1pidas e precisas. Comece a modificar os arquivos de ve\u00edculos de seus clientes com o programa mais simples e poderoso do mercado.\" \/>\n<meta property=\"og:url\" content=\"https:\/\/old.reprorace.com\/pt-br\/producto\/ecm-titanium-3-0-software-completo-para-chiptuning\/\" \/>\n<meta property=\"og:site_name\" content=\"Tienda ReproRACE\" \/>\n<meta name=\"twitter:card\" content=\"summary_large_image\" \/>\n<meta name=\"twitter:label1\" content=\"Est. tempo de leitura\" \/>\n\t<meta name=\"twitter:data1\" content=\"1 minuto\" \/>\n<script type=\"application\/ld+json\" class=\"yoast-schema-graph\">{\"@context\":\"https:\/\/schema.org\",\"@graph\":[{\"@type\":\"WebPage\",\"@id\":\"https:\/\/old.reprorace.com\/pt-br\/producto\/ecm-titanium-3-0-software-completo-para-chiptuning\/\",\"url\":\"https:\/\/old.reprorace.com\/pt-br\/producto\/ecm-titanium-3-0-software-completo-para-chiptuning\/\",\"name\":\"ECM Titanium 3.0 - Software completo para chiptuning - Tienda ReproRACE\",\"isPartOf\":{\"@id\":\"https:\/\/old.reprorace.com\/#website\"},\"datePublished\":\"2023-03-10T13:05:55+00:00\",\"breadcrumb\":{\"@id\":\"https:\/\/old.reprorace.com\/pt-br\/producto\/ecm-titanium-3-0-software-completo-para-chiptuning\/#breadcrumb\"},\"inLanguage\":\"pt-BR\",\"potentialAction\":[{\"@type\":\"ReadAction\",\"target\":[\"https:\/\/old.reprorace.com\/pt-br\/producto\/ecm-titanium-3-0-software-completo-para-chiptuning\/\"]}]},{\"@type\":\"BreadcrumbList\",\"@id\":\"https:\/\/old.reprorace.com\/pt-br\/producto\/ecm-titanium-3-0-software-completo-para-chiptuning\/#breadcrumb\",\"itemListElement\":[{\"@type\":\"ListItem\",\"position\":1,\"name\":\"Portada\",\"item\":\"https:\/\/old.reprorace.com\/pt-br\/casa\/\"},{\"@type\":\"ListItem\",\"position\":2,\"name\":\"Tienda Reprorace\",\"item\":\"https:\/\/old.reprorace.com\/home-2\/\"},{\"@type\":\"ListItem\",\"position\":3,\"name\":\"ECM Titanium 3.0 &#8211; Software completo para chiptuning\"}]},{\"@type\":\"WebSite\",\"@id\":\"https:\/\/old.reprorace.com\/#website\",\"url\":\"https:\/\/old.reprorace.com\/\",\"name\":\"Tienda ReproRACE\",\"description\":\"Todo lo necesario para reprogramar veh\u00edculos en tu taller mec\u00e1nico\",\"publisher\":{\"@id\":\"https:\/\/old.reprorace.com\/#organization\"},\"potentialAction\":[{\"@type\":\"SearchAction\",\"target\":{\"@type\":\"EntryPoint\",\"urlTemplate\":\"https:\/\/old.reprorace.com\/?s={search_term_string}\"},\"query-input\":{\"@type\":\"PropertyValueSpecification\",\"valueRequired\":true,\"valueName\":\"search_term_string\"}}],\"inLanguage\":\"pt-BR\"},{\"@type\":\"Organization\",\"@id\":\"https:\/\/old.reprorace.com\/#organization\",\"name\":\"Tienda ReproRACE\",\"url\":\"https:\/\/old.reprorace.com\/\",\"logo\":{\"@type\":\"ImageObject\",\"inLanguage\":\"pt-BR\",\"@id\":\"https:\/\/old.reprorace.com\/#\/schema\/logo\/image\/\",\"url\":\"https:\/\/old.reprorace.com\/wp-content\/uploads\/2023\/04\/cropped-logo_vector_-e1681820515513.png\",\"contentUrl\":\"https:\/\/old.reprorace.com\/wp-content\/uploads\/2023\/04\/cropped-logo_vector_-e1681820515513.png\",\"width\":448,\"height\":128,\"caption\":\"Tienda ReproRACE\"},\"image\":{\"@id\":\"https:\/\/old.reprorace.com\/#\/schema\/logo\/image\/\"}}]}<\/script>\n<!-- \/ Yoast SEO plugin. -->","yoast_head_json":{"title":"ECM Titanium 3.0 - Software completo para chiptuning - Tienda ReproRACE","robots":{"index":"index","follow":"follow","max-snippet":"max-snippet:-1","max-image-preview":"max-image-preview:large","max-video-preview":"max-video-preview:-1"},"canonical":"https:\/\/old.reprorace.com\/pt-br\/producto\/ecm-titanium-3-0-software-completo-para-chiptuning\/","og_locale":"pt_BR","og_type":"article","og_title":"ECM Titanium 3.0 - Software completo para chiptuning - Tienda ReproRACE","og_description":"Com o ECM Titanium 3.0, suas calibra\u00e7\u00f5es ser\u00e3o ainda mais r\u00e1pidas e precisas. Comece a modificar os arquivos de ve\u00edculos de seus clientes com o programa mais simples e poderoso do mercado.","og_url":"https:\/\/old.reprorace.com\/pt-br\/producto\/ecm-titanium-3-0-software-completo-para-chiptuning\/","og_site_name":"Tienda ReproRACE","twitter_card":"summary_large_image","twitter_misc":{"Est. tempo de leitura":"1 minuto"},"schema":{"@context":"https:\/\/schema.org","@graph":[{"@type":"WebPage","@id":"https:\/\/old.reprorace.com\/pt-br\/producto\/ecm-titanium-3-0-software-completo-para-chiptuning\/","url":"https:\/\/old.reprorace.com\/pt-br\/producto\/ecm-titanium-3-0-software-completo-para-chiptuning\/","name":"ECM Titanium 3.0 - Software completo para chiptuning - Tienda ReproRACE","isPartOf":{"@id":"https:\/\/old.reprorace.com\/#website"},"datePublished":"2023-03-10T13:05:55+00:00","breadcrumb":{"@id":"https:\/\/old.reprorace.com\/pt-br\/producto\/ecm-titanium-3-0-software-completo-para-chiptuning\/#breadcrumb"},"inLanguage":"pt-BR","potentialAction":[{"@type":"ReadAction","target":["https:\/\/old.reprorace.com\/pt-br\/producto\/ecm-titanium-3-0-software-completo-para-chiptuning\/"]}]},{"@type":"BreadcrumbList","@id":"https:\/\/old.reprorace.com\/pt-br\/producto\/ecm-titanium-3-0-software-completo-para-chiptuning\/#breadcrumb","itemListElement":[{"@type":"ListItem","position":1,"name":"Portada","item":"https:\/\/old.reprorace.com\/pt-br\/casa\/"},{"@type":"ListItem","position":2,"name":"Tienda Reprorace","item":"https:\/\/old.reprorace.com\/home-2\/"},{"@type":"ListItem","position":3,"name":"ECM Titanium 3.0 &#8211; Software completo para chiptuning"}]},{"@type":"WebSite","@id":"https:\/\/old.reprorace.com\/#website","url":"https:\/\/old.reprorace.com\/","name":"Tienda ReproRACE","description":"Todo lo necesario para reprogramar veh\u00edculos en tu taller mec\u00e1nico","publisher":{"@id":"https:\/\/old.reprorace.com\/#organization"},"potentialAction":[{"@type":"SearchAction","target":{"@type":"EntryPoint","urlTemplate":"https:\/\/old.reprorace.com\/?s={search_term_string}"},"query-input":{"@type":"PropertyValueSpecification","valueRequired":true,"valueName":"search_term_string"}}],"inLanguage":"pt-BR"},{"@type":"Organization","@id":"https:\/\/old.reprorace.com\/#organization","name":"Tienda ReproRACE","url":"https:\/\/old.reprorace.com\/","logo":{"@type":"ImageObject","inLanguage":"pt-BR","@id":"https:\/\/old.reprorace.com\/#\/schema\/logo\/image\/","url":"https:\/\/old.reprorace.com\/wp-content\/uploads\/2023\/04\/cropped-logo_vector_-e1681820515513.png","contentUrl":"https:\/\/old.reprorace.com\/wp-content\/uploads\/2023\/04\/cropped-logo_vector_-e1681820515513.png","width":448,"height":128,"caption":"Tienda ReproRACE"},"image":{"@id":"https:\/\/old.reprorace.com\/#\/schema\/logo\/image\/"}}]}},"_links":{"self":[{"href":"https:\/\/old.reprorace.com\/pt-br\/wp-json\/wp\/v2\/product\/114853","targetHints":{"allow":["GET"]}}],"collection":[{"href":"https:\/\/old.reprorace.com\/pt-br\/wp-json\/wp\/v2\/product"}],"about":[{"href":"https:\/\/old.reprorace.com\/pt-br\/wp-json\/wp\/v2\/types\/product"}],"version-history":[{"count":0,"href":"https:\/\/old.reprorace.com\/pt-br\/wp-json\/wp\/v2\/product\/114853\/revisions"}],"wp:attachment":[{"href":"https:\/\/old.reprorace.com\/pt-br\/wp-json\/wp\/v2\/media?parent=114853"}],"wp:term":[{"taxonomy":"product_brand","embeddable":true,"href":"https:\/\/old.reprorace.com\/pt-br\/wp-json\/wp\/v2\/product_brand?post=114853"},{"taxonomy":"product_cat","embeddable":true,"href":"https:\/\/old.reprorace.com\/pt-br\/wp-json\/wp\/v2\/product_cat?post=114853"},{"taxonomy":"product_tag","embeddable":true,"href":"https:\/\/old.reprorace.com\/pt-br\/wp-json\/wp\/v2\/product_tag?post=114853"}],"curies":[{"name":"wp","href":"https:\/\/api.w.org\/{rel}","templated":true}]}}